{"id":1100,"date":"2019-11-20T11:37:48","date_gmt":"2019-11-20T10:37:48","guid":{"rendered":"http:\/\/jugendpflege4.org\/?page_id=1100"},"modified":"2024-02-02T13:29:40","modified_gmt":"2024-02-02T12:29:40","slug":"jugentreff-florstadt","status":"publish","type":"page","link":"https:\/\/jugendpflege4.org\/index.php\/jugentreff-florstadt\/","title":{"rendered":"Jugendtreff Florstadt"},"content":{"rendered":"<p><div class=\"fusion-fullwidth fullwidth-box nonhundred-percent-fullwidth non-hundred-percent-height-scrolling\"  style='background-color: rgba(255,255,255,0);background-position: center center;background-repeat: no-repeat;padding-top:0px;padding-right:0px;padding-bottom:0px;padding-left:0px;'><div class=\"fusion-builder-row fusion-row \"><div  class=\"fusion-layout-column fusion_builder_column fusion_builder_column_1_2 fusion-builder-column-1 fusion-one-half fusion-column-first 1_2\"  style='margin-top:0px;margin-bottom:20px;width:50%;width:calc(50% - ( ( 4% ) * 0.5 ) );margin-right: 4%;'>\n\t\t\t\t\t<div class=\"fusion-column-wrapper\" style=\"padding: 0px 0px 0px 0px;background-position:left top;background-repeat:no-repeat;-webkit-background-size:cover;-moz-background-size:cover;-o-background-size:cover;background-size:cover;\"   data-bg-url=\"\">\n\t\t\t\t\t\t<div class=\"fusion-text\"><p><strong>Jugentreff Nieder-Florstadt<\/strong><\/p>\n<p>Weitgasse 8, 61197 Florstadt<\/p>\n<p>Dienstags + Donnerstags jeweils von 15-19 Uhr<\/p>\n<\/div><div class=\"fusion-clearfix\"><\/div>\n\n\t\t\t\t\t<\/div>\n\t\t\t\t<\/div><div  class=\"fusion-layout-column fusion_builder_column fusion_builder_column_1_2 fusion-builder-column-2 fusion-one-half fusion-column-last 1_2\"  style='margin-top:0px;margin-bottom:20px;width:50%;width:calc(50% - ( ( 4% ) * 0.5 ) );'>\n\t\t\t\t\t<div class=\"fusion-column-wrapper\" style=\"padding: 0px 0px 0px 0px;background-position:left top;background-repeat:no-repeat;-webkit-background-size:cover;-moz-background-size:cover;-o-background-size:cover;background-size:cover;\"   data-bg-url=\"\">\n\t\t\t\t\t\t<div class=\"fusion-text\"><p>Der Jugendtreff in Nieder-Florstadt ist ein ganz Besonderer.<\/p>\n<p>Dort haben wir mehrere R\u00e4ume zur Verf\u00fcgung und k\u00f6nnen eine tolle Ausstattung nutzen.<\/p>\n<p>Unter anderem gibt es unseren Medienraum mit PC, sowie R\u00e4ume zum Chillen und Vergn\u00fcgen.<\/p>\n<p>Hier kannst du den Tischkicker, Billardtisch, unseren Fernseher mit diversen Spielkonsolen und eine voll ausgestattete K\u00fcche austesten.<\/p>\n<p>Deiner Phantasie sind keine Grenzen gesetzt!<\/p>\n<\/div><div class=\"fusion-clearfix\"><\/div>\n\n\t\t\t\t\t<\/div>\n\t\t\t\t<\/div><\/div><\/div><div class=\"fusion-fullwidth fullwidth-box nonhundred-percent-fullwidth non-hundred-percent-height-scrolling\"  style='background-color: rgba(255,255,255,0);background-position: center center;background-repeat: no-repeat;padding-top:0px;padding-right:0px;padding-bottom:0px;padding-left:0px;'><div class=\"fusion-builder-row fusion-row \"><div  class=\"fusion-layout-column fusion_builder_column fusion_builder_column_1_1 fusion-builder-column-3 fusion-one-full fusion-column-first fusion-column-last 1_1\"  style='margin-top:0px;margin-bottom:20px;'>\n\t\t\t\t\t<div class=\"fusion-column-wrapper\" style=\"padding: 0px 0px 0px 0px;background-position:left top;background-repeat:no-repeat;-webkit-background-size:cover;-moz-background-size:cover;-o-background-size:cover;background-size:cover;\"   data-bg-url=\"\">\n\t\t\t\t\t\t<div class=\"fusion-clearfix\"><\/div>\n\n\t\t\t\t\t<\/div>\n\t\t\t\t<\/div><\/div><\/div><div class=\"fusion-fullwidth fullwidth-box nonhundred-percent-fullwidth non-hundred-percent-height-scrolling\"  style='background-color: rgba(255,255,255,0);background-position: center center;background-repeat: no-repeat;padding-top:0px;padding-right:0px;padding-bottom:0px;padding-left:0px;'><div class=\"fusion-builder-row fusion-row \"><div  class=\"fusion-layout-column fusion_builder_column fusion_builder_column_1_6 fusion-builder-column-4 fusion-one-sixth fusion-column-first 1_6\"  style='margin-top:0px;margin-bottom:20px;width:16.66%;width:calc(16.66% - ( ( 4% + 4% + 4% + 4% ) * 0.1666 ) );margin-right: 4%;'>\n\t\t\t\t\t<div class=\"fusion-column-wrapper\" style=\"padding: 0px 0px 0px 0px;background-position:left top;background-repeat:no-repeat;-webkit-background-size:cover;-moz-background-size:cover;-o-background-size:cover;background-size:cover;\"   data-bg-url=\"\">\n\t\t\t\t\t\t<span style=\"-webkit-box-shadow: 0px 0px 4px rgba(0,0,0,0.3);box-shadow: 0px 0px 4px rgba(0,0,0,0.3);\" class=\"fusion-imageframe imageframe-dropshadow imageframe-1 hover-type-none\"><img loading=\"lazy\" decoding=\"async\" src=\"https:\/\/jugendpflege4.org\/wp-content\/uploads\/2019\/10\/florstadt-1-300x198.jpg\" width=\"300\" height=\"198\" alt=\"\" title=\"florstadt\" class=\"img-responsive wp-image-996\" srcset=\"https:\/\/jugendpflege4.org\/wp-content\/uploads\/2019\/10\/florstadt-1-200x132.jpg 200w, https:\/\/jugendpflege4.org\/wp-content\/uploads\/2019\/10\/florstadt-1-400x264.jpg 400w, https:\/\/jugendpflege4.org\/wp-content\/uploads\/2019\/10\/florstadt-1-600x396.jpg 600w, https:\/\/jugendpflege4.org\/wp-content\/uploads\/2019\/10\/florstadt-1-800x527.jpg 800w, https:\/\/jugendpflege4.org\/wp-content\/uploads\/2019\/10\/florstadt-1.jpg 851w\" sizes=\"auto, (max-width: 1120px) 100vw, 200px\" \/><\/span><div class=\"fusion-clearfix\"><\/div>\n\n\t\t\t\t\t<\/div>\n\t\t\t\t<\/div><div  class=\"fusion-layout-column fusion_builder_column fusion_builder_column_1_6 fusion-builder-column-5 fusion-one-sixth 1_6\"  style='margin-top:0px;margin-bottom:20px;width:16.66%;width:calc(16.66% - ( ( 4% + 4% + 4% + 4% ) * 0.1666 ) );margin-right: 4%;'>\n\t\t\t\t\t<div class=\"fusion-column-wrapper\" style=\"padding: 0px 0px 0px 0px;background-position:left top;background-repeat:no-repeat;-webkit-background-size:cover;-moz-background-size:cover;-o-background-size:cover;background-size:cover;\"   data-bg-url=\"\">\n\t\t\t\t\t\t<span style=\"-webkit-box-shadow: 0px 0px 4px rgba(0,0,0,0.3);box-shadow: 0px 0px 4px rgba(0,0,0,0.3);\" class=\"fusion-imageframe imageframe-dropshadow imageframe-2 hover-type-none\"><img loading=\"lazy\" decoding=\"async\" src=\"https:\/\/jugendpflege4.org\/wp-content\/uploads\/2019\/11\/Florstadt-2-300x200.jpg\" width=\"300\" height=\"200\" alt=\"\" title=\"Florstadt (2)\" class=\"img-responsive wp-image-1139\" srcset=\"https:\/\/jugendpflege4.org\/wp-content\/uploads\/2019\/11\/Florstadt-2-200x133.jpg 200w, https:\/\/jugendpflege4.org\/wp-content\/uploads\/2019\/11\/Florstadt-2-400x267.jpg 400w, https:\/\/jugendpflege4.org\/wp-content\/uploads\/2019\/11\/Florstadt-2-600x400.jpg 600w, https:\/\/jugendpflege4.org\/wp-content\/uploads\/2019\/11\/Florstadt-2-800x533.jpg 800w, https:\/\/jugendpflege4.org\/wp-content\/uploads\/2019\/11\/Florstadt-2-1200x800.jpg 1200w, https:\/\/jugendpflege4.org\/wp-content\/uploads\/2019\/11\/Florstadt-2.jpg 1603w\" sizes=\"auto, (max-width: 1120px) 100vw, 200px\" \/><\/span><div class=\"fusion-clearfix\"><\/div>\n\n\t\t\t\t\t<\/div>\n\t\t\t\t<\/div><div  class=\"fusion-layout-column fusion_builder_column fusion_builder_column_1_6 fusion-builder-column-6 fusion-one-sixth 1_6\"  style='margin-top:0px;margin-bottom:20px;width:16.66%;width:calc(16.66% - ( ( 4% + 4% + 4% + 4% ) * 0.1666 ) );margin-right: 4%;'>\n\t\t\t\t\t<div class=\"fusion-column-wrapper\" style=\"padding: 0px 0px 0px 0px;background-position:left top;background-repeat:no-repeat;-webkit-background-size:cover;-moz-background-size:cover;-o-background-size:cover;background-size:cover;\"   data-bg-url=\"\">\n\t\t\t\t\t\t<span style=\"-webkit-box-shadow: 0px 0px 4px rgba(0,0,0,0.3);box-shadow: 0px 0px 4px rgba(0,0,0,0.3);\" class=\"fusion-imageframe imageframe-dropshadow imageframe-3 hover-type-none\"><img loading=\"lazy\" decoding=\"async\" src=\"https:\/\/jugendpflege4.org\/wp-content\/uploads\/2019\/11\/Florstadt-3-300x200.jpg\" width=\"300\" height=\"200\" alt=\"\" title=\"Florstadt (3)\" class=\"img-responsive wp-image-1140\" srcset=\"https:\/\/jugendpflege4.org\/wp-content\/uploads\/2019\/11\/Florstadt-3-200x133.jpg 200w, https:\/\/jugendpflege4.org\/wp-content\/uploads\/2019\/11\/Florstadt-3-400x267.jpg 400w, https:\/\/jugendpflege4.org\/wp-content\/uploads\/2019\/11\/Florstadt-3-600x400.jpg 600w, https:\/\/jugendpflege4.org\/wp-content\/uploads\/2019\/11\/Florstadt-3-800x533.jpg 800w, https:\/\/jugendpflege4.org\/wp-content\/uploads\/2019\/11\/Florstadt-3-1200x800.jpg 1200w, https:\/\/jugendpflege4.org\/wp-content\/uploads\/2019\/11\/Florstadt-3.jpg 1759w\" sizes=\"auto, (max-width: 1120px) 100vw, 200px\" \/><\/span><div class=\"fusion-clearfix\"><\/div>\n\n\t\t\t\t\t<\/div>\n\t\t\t\t<\/div><div  class=\"fusion-layout-column fusion_builder_column fusion_builder_column_1_6 fusion-builder-column-7 fusion-one-sixth 1_6\"  style='margin-top:0px;margin-bottom:20px;width:16.66%;width:calc(16.66% - ( ( 4% + 4% + 4% + 4% ) * 0.1666 ) );margin-right: 4%;'>\n\t\t\t\t\t<div class=\"fusion-column-wrapper\" style=\"padding: 0px 0px 0px 0px;background-position:left top;background-repeat:no-repeat;-webkit-background-size:cover;-moz-background-size:cover;-o-background-size:cover;background-size:cover;\"   data-bg-url=\"\">\n\t\t\t\t\t\t<span style=\"-webkit-box-shadow: 0px 0px 4px rgba(0,0,0,0.3);box-shadow: 0px 0px 4px rgba(0,0,0,0.3);\" class=\"fusion-imageframe imageframe-dropshadow imageframe-4 hover-type-none\"><img loading=\"lazy\" decoding=\"async\" src=\"https:\/\/jugendpflege4.org\/wp-content\/uploads\/2019\/11\/Florstadt-6-300x200.jpg\" width=\"300\" height=\"200\" alt=\"\" title=\"Florstadt (6)\" class=\"img-responsive wp-image-1141\" srcset=\"https:\/\/jugendpflege4.org\/wp-content\/uploads\/2019\/11\/Florstadt-6-200x133.jpg 200w, https:\/\/jugendpflege4.org\/wp-content\/uploads\/2019\/11\/Florstadt-6-400x267.jpg 400w, https:\/\/jugendpflege4.org\/wp-content\/uploads\/2019\/11\/Florstadt-6-600x400.jpg 600w, https:\/\/jugendpflege4.org\/wp-content\/uploads\/2019\/11\/Florstadt-6-800x533.jpg 800w, https:\/\/jugendpflege4.org\/wp-content\/uploads\/2019\/11\/Florstadt-6-1200x800.jpg 1200w\" sizes=\"auto, (max-width: 1120px) 100vw, 200px\" \/><\/span><div class=\"fusion-clearfix\"><\/div>\n\n\t\t\t\t\t<\/div>\n\t\t\t\t<\/div><div  class=\"fusion-layout-column fusion_builder_column fusion_builder_column_1_6 fusion-builder-column-8 fusion-one-sixth fusion-column-last 1_6\"  style='margin-top:0px;margin-bottom:20px;width:16.66%;width:calc(16.66% - ( ( 4% + 4% + 4% + 4% ) * 0.1666 ) );'>\n\t\t\t\t\t<div class=\"fusion-column-wrapper\" style=\"padding: 0px 0px 0px 0px;background-position:left top;background-repeat:no-repeat;-webkit-background-size:cover;-moz-background-size:cover;-o-background-size:cover;background-size:cover;\"   data-bg-url=\"\">\n\t\t\t\t\t\t<span style=\"-webkit-box-shadow: 0px 0px 4px rgba(0,0,0,0.3);box-shadow: 0px 0px 4px rgba(0,0,0,0.3);\" class=\"fusion-imageframe imageframe-dropshadow imageframe-5 hover-type-none\"><img loading=\"lazy\" decoding=\"async\" src=\"https:\/\/jugendpflege4.org\/wp-content\/uploads\/2019\/11\/Florstadt-8-300x200.jpg\" width=\"300\" height=\"200\" alt=\"\" title=\"Florstadt (8)\" class=\"img-responsive wp-image-1142\" srcset=\"https:\/\/jugendpflege4.org\/wp-content\/uploads\/2019\/11\/Florstadt-8-200x133.jpg 200w, https:\/\/jugendpflege4.org\/wp-content\/uploads\/2019\/11\/Florstadt-8-400x267.jpg 400w, https:\/\/jugendpflege4.org\/wp-content\/uploads\/2019\/11\/Florstadt-8-600x400.jpg 600w, https:\/\/jugendpflege4.org\/wp-content\/uploads\/2019\/11\/Florstadt-8-800x533.jpg 800w, https:\/\/jugendpflege4.org\/wp-content\/uploads\/2019\/11\/Florstadt-8-1200x800.jpg 1200w\" sizes=\"auto, (max-width: 1120px) 100vw, 200px\" \/><\/span><div class=\"fusion-clearfix\"><\/div>\n\n\t\t\t\t\t<\/div>\n\t\t\t\t<\/div><\/div><\/div><div class=\"fusion-fullwidth fullwidth-box nonhundred-percent-fullwidth non-hundred-percent-height-scrolling\"  style='background-color: rgba(255,255,255,0);background-position: center center;background-repeat: no-repeat;padding-top:0px;padding-right:0px;padding-bottom:0px;padding-left:0px;'><div class=\"fusion-builder-row fusion-row \"><div  class=\"fusion-layout-column fusion_builder_column fusion_builder_column_1_1 fusion-builder-column-9 fusion-one-full fusion-column-first fusion-column-last 1_1\"  style='margin-top:0px;margin-bottom:20px;'>\n\t\t\t\t\t<div class=\"fusion-column-wrapper\" style=\"padding: 0px 0px 0px 0px;background-position:left top;background-repeat:no-repeat;-webkit-background-size:cover;-moz-background-size:cover;-o-background-size:cover;background-size:cover;\"   data-bg-url=\"\">\n\t\t\t\t\t\t<div class=\"fusion-text\"><p><strong>KONTAKT<\/strong><\/p>\n<p>David Potschka: 0171-5177972 \/\u00a0potschka@jugendpflege4.de<\/p>\n<p>\u00a0<\/p>\n<\/div><div class=\"fusion-clearfix\"><\/div>\n\n\t\t\t\t\t<\/div>\n\t\t\t\t<\/div><\/div><\/div><\/p>\n","protected":false},"excerpt":{"rendered":"","protected":false},"author":1,"featured_media":0,"parent":0,"menu_order":0,"comment_status":"closed","ping_status":"closed","template":"","meta":{"_bbp_topic_count":0,"_bbp_reply_count":0,"_bbp_total_topic_count":0,"_bbp_total_reply_count":0,"_bbp_voice_count":0,"_bbp_anonymous_reply_count":0,"_bbp_topic_count_hidden":0,"_bbp_reply_count_hidden":0,"_bbp_forum_subforum_count":0,"footnotes":""},"class_list":["post-1100","page","type-page","status-publish","hentry"],"_links":{"self":[{"href":"https:\/\/jugendpflege4.org\/index.php\/wp-json\/wp\/v2\/pages\/1100","targetHints":{"allow":["GET"]}}],"collection":[{"href":"https:\/\/jugendpflege4.org\/index.php\/wp-json\/wp\/v2\/pages"}],"about":[{"href":"https:\/\/jugendpflege4.org\/index.php\/wp-json\/wp\/v2\/types\/page"}],"author":[{"embeddable":true,"href":"https:\/\/jugendpflege4.org\/index.php\/wp-json\/wp\/v2\/users\/1"}],"replies":[{"embeddable":true,"href":"https:\/\/jugendpflege4.org\/index.php\/wp-json\/wp\/v2\/comments?post=1100"}],"version-history":[{"count":19,"href":"https:\/\/jugendpflege4.org\/index.php\/wp-json\/wp\/v2\/pages\/1100\/revisions"}],"predecessor-version":[{"id":2912,"href":"https:\/\/jugendpflege4.org\/index.php\/wp-json\/wp\/v2\/pages\/1100\/revisions\/2912"}],"wp:attachment":[{"href":"https:\/\/jugendpflege4.org\/index.php\/wp-json\/wp\/v2\/media?parent=1100"}],"curies":[{"name":"wp","href":"https:\/\/api.w.org\/{rel}","templated":true}]}}