{"id":1114,"date":"2019-11-21T11:26:15","date_gmt":"2019-11-21T10:26:15","guid":{"rendered":"http:\/\/jugendpflege4.org\/?page_id=1114"},"modified":"2025-11-10T11:00:23","modified_gmt":"2025-11-10T10:00:23","slug":"jugendtreff-reichelsheim","status":"publish","type":"page","link":"https:\/\/jugendpflege4.org\/index.php\/jugendtreff-reichelsheim\/","title":{"rendered":"Jugendtreff Reichelsheim"},"content":{"rendered":"<p><div class=\"fusion-fullwidth fullwidth-box nonhundred-percent-fullwidth non-hundred-percent-height-scrolling\"  style='background-color: rgba(255,255,255,0);background-position: center center;background-repeat: no-repeat;padding-top:0px;padding-right:0px;padding-bottom:0px;padding-left:0px;'><div class=\"fusion-builder-row fusion-row \"><div  class=\"fusion-layout-column fusion_builder_column fusion_builder_column_1_2 fusion-builder-column-1 fusion-one-half fusion-column-first 1_2\"  style='margin-top:0px;margin-bottom:20px;width:50%;width:calc(50% - ( ( 4% ) * 0.5 ) );margin-right: 4%;'>\n\t\t\t\t\t<div class=\"fusion-column-wrapper\" style=\"padding: 0px 0px 0px 0px;background-position:left top;background-repeat:no-repeat;-webkit-background-size:cover;-moz-background-size:cover;-o-background-size:cover;background-size:cover;\"   data-bg-url=\"\">\n\t\t\t\t\t\t<div class=\"fusion-text\"><p>Jugendtreff Reichelsheim<\/p>\n<p>Neugasse 37, 61203 Reichelsheim<\/p>\n<p>Montags von 14:30-17:30 Uhr<\/p>\n<\/div><div class=\"fusion-clearfix\"><\/div>\n\n\t\t\t\t\t<\/div>\n\t\t\t\t<\/div><div  class=\"fusion-layout-column fusion_builder_column fusion_builder_column_1_2 fusion-builder-column-2 fusion-one-half fusion-column-last 1_2\"  style='margin-top:0px;margin-bottom:20px;width:50%;width:calc(50% - ( ( 4% ) * 0.5 ) );'>\n\t\t\t\t\t<div class=\"fusion-column-wrapper\" style=\"padding: 0px 0px 0px 0px;background-position:left top;background-repeat:no-repeat;-webkit-background-size:cover;-moz-background-size:cover;-o-background-size:cover;background-size:cover;\"   data-bg-url=\"\">\n\t\t\t\t\t\t<div class=\"fusion-text\"><p>Der Reichelsheimer Jugendraum ist direkt unter dem Agenda Raum in einem sch\u00f6nen alten Geb\u00e4ude.<\/p>\n<p>Es ist ein gro\u00dfer Raum mit Kicker, Billard und einer Couchecke mit Fernseher. Demnach gibt es viele M\u00f6glichkeiten sich dort zu besch\u00e4ftigen oder zu chillen.<\/p>\n<p>Wir haben ein gro\u00dfes Angebot an Brettspielen und Bastelmaterial, in der kleinen K\u00fcche kann man leckeren Kuchen, Pizza oder sonstige Gerichte zubereiten.<\/p>\n<\/div><div class=\"fusion-clearfix\"><\/div>\n\n\t\t\t\t\t<\/div>\n\t\t\t\t<\/div><\/div><\/div><div class=\"fusion-fullwidth fullwidth-box nonhundred-percent-fullwidth non-hundred-percent-height-scrolling\"  style='background-color: rgba(255,255,255,0);background-position: center center;background-repeat: no-repeat;padding-top:0px;padding-right:0px;padding-bottom:0px;padding-left:0px;'><div class=\"fusion-builder-row fusion-row \"><div  class=\"fusion-layout-column fusion_builder_column fusion_builder_column_1_3 fusion-builder-column-3 fusion-one-third fusion-column-first 1_3\"  style='margin-top:0px;margin-bottom:20px;width:33.33%;width:calc(33.33% - ( ( 4% + 4% ) * 0.3333 ) );margin-right: 4%;'>\n\t\t\t\t\t<div class=\"fusion-column-wrapper\" style=\"padding: 0px 0px 0px 0px;background-position:left top;background-repeat:no-repeat;-webkit-background-size:cover;-moz-background-size:cover;-o-background-size:cover;background-size:cover;\"   data-bg-url=\"\">\n\t\t\t\t\t\t<span style=\"-webkit-box-shadow: 0px 0px 4px rgba(0,0,0,0.3);box-shadow: 0px 0px 4px rgba(0,0,0,0.3);\" class=\"fusion-imageframe imageframe-dropshadow imageframe-1 hover-type-none\"><img loading=\"lazy\" decoding=\"async\" src=\"https:\/\/jugendpflege4.org\/wp-content\/uploads\/2020\/02\/MG_5407-1.jpg\" width=\"782\" height=\"521\" alt=\"\" title=\"_MG_5407\" class=\"img-responsive wp-image-1201\" srcset=\"https:\/\/jugendpflege4.org\/wp-content\/uploads\/2020\/02\/MG_5407-1-200x133.jpg 200w, https:\/\/jugendpflege4.org\/wp-content\/uploads\/2020\/02\/MG_5407-1-400x266.jpg 400w, https:\/\/jugendpflege4.org\/wp-content\/uploads\/2020\/02\/MG_5407-1-600x400.jpg 600w, https:\/\/jugendpflege4.org\/wp-content\/uploads\/2020\/02\/MG_5407-1.jpg 782w\" sizes=\"auto, (max-width: 1120px) 100vw, 400px\" \/><\/span><div class=\"fusion-clearfix\"><\/div>\n\n\t\t\t\t\t<\/div>\n\t\t\t\t<\/div><div  class=\"fusion-layout-column fusion_builder_column fusion_builder_column_1_3 fusion-builder-column-4 fusion-one-third 1_3\"  style='margin-top:0px;margin-bottom:20px;width:33.33%;width:calc(33.33% - ( ( 4% + 4% ) * 0.3333 ) );margin-right: 4%;'>\n\t\t\t\t\t<div class=\"fusion-column-wrapper\" style=\"padding: 0px 0px 0px 0px;background-position:left top;background-repeat:no-repeat;-webkit-background-size:cover;-moz-background-size:cover;-o-background-size:cover;background-size:cover;\"   data-bg-url=\"\">\n\t\t\t\t\t\t<span style=\"-webkit-box-shadow: 0px 0px 4px rgba(0,0,0,0.3);box-shadow: 0px 0px 4px rgba(0,0,0,0.3);\" class=\"fusion-imageframe imageframe-dropshadow imageframe-2 hover-type-none\"><img loading=\"lazy\" decoding=\"async\" src=\"https:\/\/jugendpflege4.org\/wp-content\/uploads\/2019\/11\/rhm-mini.jpg\" width=\"624\" height=\"383\" alt=\"\" title=\"rhm-mini\" class=\"img-responsive wp-image-1053\" srcset=\"https:\/\/jugendpflege4.org\/wp-content\/uploads\/2019\/11\/rhm-mini-200x123.jpg 200w, https:\/\/jugendpflege4.org\/wp-content\/uploads\/2019\/11\/rhm-mini-400x246.jpg 400w, https:\/\/jugendpflege4.org\/wp-content\/uploads\/2019\/11\/rhm-mini-600x368.jpg 600w, https:\/\/jugendpflege4.org\/wp-content\/uploads\/2019\/11\/rhm-mini.jpg 624w\" sizes=\"auto, (max-width: 1120px) 100vw, 400px\" \/><\/span><div class=\"fusion-clearfix\"><\/div>\n\n\t\t\t\t\t<\/div>\n\t\t\t\t<\/div><div  class=\"fusion-layout-column fusion_builder_column fusion_builder_column_1_3 fusion-builder-column-5 fusion-one-third fusion-column-last 1_3\"  style='margin-top:0px;margin-bottom:20px;width:33.33%;width:calc(33.33% - ( ( 4% + 4% ) * 0.3333 ) );'>\n\t\t\t\t\t<div class=\"fusion-column-wrapper\" style=\"padding: 0px 0px 0px 0px;background-position:left top;background-repeat:no-repeat;-webkit-background-size:cover;-moz-background-size:cover;-o-background-size:cover;background-size:cover;\"   data-bg-url=\"\">\n\t\t\t\t\t\t<span style=\"-webkit-box-shadow: 0px 0px 4px rgba(0,0,0,0.3);box-shadow: 0px 0px 4px rgba(0,0,0,0.3);\" class=\"fusion-imageframe imageframe-dropshadow imageframe-3 hover-type-none\"><img loading=\"lazy\" decoding=\"async\" src=\"https:\/\/jugendpflege4.org\/wp-content\/uploads\/2020\/02\/MG_5401.jpg\" width=\"840\" height=\"560\" alt=\"\" title=\"_MG_5401\" class=\"img-responsive wp-image-1200\" srcset=\"https:\/\/jugendpflege4.org\/wp-content\/uploads\/2020\/02\/MG_5401-200x133.jpg 200w, https:\/\/jugendpflege4.org\/wp-content\/uploads\/2020\/02\/MG_5401-400x267.jpg 400w, https:\/\/jugendpflege4.org\/wp-content\/uploads\/2020\/02\/MG_5401-600x400.jpg 600w, https:\/\/jugendpflege4.org\/wp-content\/uploads\/2020\/02\/MG_5401-800x533.jpg 800w, https:\/\/jugendpflege4.org\/wp-content\/uploads\/2020\/02\/MG_5401.jpg 840w\" sizes=\"auto, (max-width: 1120px) 100vw, 400px\" \/><\/span><div class=\"fusion-clearfix\"><\/div>\n\n\t\t\t\t\t<\/div>\n\t\t\t\t<\/div><\/div><\/div><div class=\"fusion-fullwidth fullwidth-box nonhundred-percent-fullwidth non-hundred-percent-height-scrolling\"  style='background-color: rgba(255,255,255,0);background-position: center center;background-repeat: no-repeat;padding-top:0px;padding-right:0px;padding-bottom:0px;padding-left:0px;'><div class=\"fusion-builder-row fusion-row \"><div  class=\"fusion-layout-column fusion_builder_column fusion_builder_column_1_1 fusion-builder-column-6 fusion-one-full fusion-column-first fusion-column-last 1_1\"  style='margin-top:0px;margin-bottom:20px;'>\n\t\t\t\t\t<div class=\"fusion-column-wrapper\" style=\"padding: 0px 0px 0px 0px;background-position:left top;background-repeat:no-repeat;-webkit-background-size:cover;-moz-background-size:cover;-o-background-size:cover;background-size:cover;\"   data-bg-url=\"\">\n\t\t\t\t\t\t<div class=\"fusion-text\"><p><strong>KONTAKT<\/strong><\/p>\n<p>David Potschka: 0171-5177972 \/ potschka@jugendpflege4.de<\/p>\n<\/div><div class=\"fusion-clearfix\"><\/div>\n\n\t\t\t\t\t<\/div>\n\t\t\t\t<\/div><\/div><\/div><\/p>\n","protected":false},"excerpt":{"rendered":"","protected":false},"author":1,"featured_media":0,"parent":0,"menu_order":0,"comment_status":"closed","ping_status":"closed","template":"","meta":{"_bbp_topic_count":0,"_bbp_reply_count":0,"_bbp_total_topic_count":0,"_bbp_total_reply_count":0,"_bbp_voice_count":0,"_bbp_anonymous_reply_count":0,"_bbp_topic_count_hidden":0,"_bbp_reply_count_hidden":0,"_bbp_forum_subforum_count":0,"footnotes":""},"class_list":["post-1114","page","type-page","status-publish","hentry"],"_links":{"self":[{"href":"https:\/\/jugendpflege4.org\/index.php\/wp-json\/wp\/v2\/pages\/1114","targetHints":{"allow":["GET"]}}],"collection":[{"href":"https:\/\/jugendpflege4.org\/index.php\/wp-json\/wp\/v2\/pages"}],"about":[{"href":"https:\/\/jugendpflege4.org\/index.php\/wp-json\/wp\/v2\/types\/page"}],"author":[{"embeddable":true,"href":"https:\/\/jugendpflege4.org\/index.php\/wp-json\/wp\/v2\/users\/1"}],"replies":[{"embeddable":true,"href":"https:\/\/jugendpflege4.org\/index.php\/wp-json\/wp\/v2\/comments?post=1114"}],"version-history":[{"count":12,"href":"https:\/\/jugendpflege4.org\/index.php\/wp-json\/wp\/v2\/pages\/1114\/revisions"}],"predecessor-version":[{"id":3226,"href":"https:\/\/jugendpflege4.org\/index.php\/wp-json\/wp\/v2\/pages\/1114\/revisions\/3226"}],"wp:attachment":[{"href":"https:\/\/jugendpflege4.org\/index.php\/wp-json\/wp\/v2\/media?parent=1114"}],"curies":[{"name":"wp","href":"https:\/\/api.w.org\/{rel}","templated":true}]}}