{"id":1119,"date":"2019-11-21T11:27:36","date_gmt":"2019-11-21T10:27:36","guid":{"rendered":"http:\/\/jugendpflege4.org\/?page_id=1119"},"modified":"2025-11-10T11:02:00","modified_gmt":"2025-11-10T10:02:00","slug":"jugendtreff-beienheim","status":"publish","type":"page","link":"https:\/\/jugendpflege4.org\/index.php\/jugendtreff-beienheim\/","title":{"rendered":"Jugendtreff Beienheim"},"content":{"rendered":"<p><div class=\"fusion-fullwidth fullwidth-box nonhundred-percent-fullwidth non-hundred-percent-height-scrolling\"  style='background-color: rgba(255,255,255,0);background-position: center center;background-repeat: no-repeat;padding-top:0px;padding-right:0px;padding-bottom:0px;padding-left:0px;'><div class=\"fusion-builder-row fusion-row \"><div  class=\"fusion-layout-column fusion_builder_column fusion_builder_column_1_2 fusion-builder-column-1 fusion-one-half fusion-column-first 1_2\"  style='margin-top:0px;margin-bottom:20px;width:50%;width:calc(50% - ( ( 4% ) * 0.5 ) );margin-right: 4%;'>\n\t\t\t\t\t<div class=\"fusion-column-wrapper\" style=\"padding: 0px 0px 0px 0px;background-position:left top;background-repeat:no-repeat;-webkit-background-size:cover;-moz-background-size:cover;-o-background-size:cover;background-size:cover;\"   data-bg-url=\"\">\n\t\t\t\t\t\t<div class=\"fusion-text\"><p><b>Jugendtreff Beienheim<\/b><\/p>\n<p>Karl-Kempf-Platz 1, 61203 Beienheim.<\/p>\n<p>Dienstags 15-17 Uhr (8-12 Jahre)<br \/>Diensags 17-18 Uhr (13-17 Jahre)<\/p>\n<\/div><div class=\"fusion-clearfix\"><\/div>\n\n\t\t\t\t\t<\/div>\n\t\t\t\t<\/div><div  class=\"fusion-layout-column fusion_builder_column fusion_builder_column_1_2 fusion-builder-column-2 fusion-one-half fusion-column-last 1_2\"  style='margin-top:0px;margin-bottom:20px;width:50%;width:calc(50% - ( ( 4% ) * 0.5 ) );'>\n\t\t\t\t\t<div class=\"fusion-column-wrapper\" style=\"padding: 0px 0px 0px 0px;background-position:left top;background-repeat:no-repeat;-webkit-background-size:cover;-moz-background-size:cover;-o-background-size:cover;background-size:cover;\"   data-bg-url=\"\">\n\t\t\t\t\t\t<div class=\"fusion-text\"><p>Der Jugendtreff in Beienheim befindet sich auf der R\u00fcckseite des B\u00fcrgertreffs, direkt neben der Feuerwehr.<\/p>\n<p>Der Raum ist ein heller und einladender Raum mit gro\u00dfen Fenstern, die viel Tageslicht hereinlassen und eine freundliche Atmosph\u00e4re schaffen.<\/p>\n<p>Es gibt einen Tischkicker, eine kleine Couch, Brettspiele, einen Fernseher und eine Spielkonsole. Eine neue K\u00fcche bietet die M\u00f6glichkeit, Snacks zuzubereiten oder gemeinsam zu kochen und zu backen.<\/p>\n<p>Au\u00dferdem bietet der Jugendtreff einen weitl\u00e4ufigen Garten \u2013 ideal f\u00fcr Aktivit\u00e4ten im Freien, wie etwa Badminton oder Boccia. Im Garten wartet eine Tischtennisplatte auf spannende Matches.<\/p>\n<p>Ob drinnen oder drau\u00dfen: Hier ist Platz f\u00fcr Spa\u00df, Gemeinschaft und kreative Ideen.\u00a0<\/p>\n<p>Ich freu mich auf Dich!<\/p>\n<\/div><div class=\"fusion-clearfix\"><\/div>\n\n\t\t\t\t\t<\/div>\n\t\t\t\t<\/div><\/div><\/div><div class=\"fusion-fullwidth fullwidth-box nonhundred-percent-fullwidth non-hundred-percent-height-scrolling\"  style='background-color: rgba(255,255,255,0);background-position: center center;background-repeat: no-repeat;padding-top:0px;padding-right:0px;padding-bottom:0px;padding-left:0px;'><div class=\"fusion-builder-row fusion-row \"><div  class=\"fusion-layout-column fusion_builder_column fusion_builder_column_1_3 fusion-builder-column-3 fusion-one-third fusion-column-first 1_3\"  style='margin-top:0px;margin-bottom:20px;width:33.33%;width:calc(33.33% - ( ( 4% + 4% ) * 0.3333 ) );margin-right: 4%;'>\n\t\t\t\t\t<div class=\"fusion-column-wrapper\" style=\"padding: 0px 0px 0px 0px;background-position:left top;background-repeat:no-repeat;-webkit-background-size:cover;-moz-background-size:cover;-o-background-size:cover;background-size:cover;\"   data-bg-url=\"\">\n\t\t\t\t\t\t<span style=\"-webkit-box-shadow: 0px 0px 4px rgba(0,0,0,0.3);box-shadow: 0px 0px 4px rgba(0,0,0,0.3);\" class=\"fusion-imageframe imageframe-dropshadow imageframe-1 hover-type-none\"><img loading=\"lazy\" decoding=\"async\" src=\"https:\/\/jugendpflege4.org\/wp-content\/uploads\/2025\/06\/E0A0306-scaled.jpg\" width=\"2560\" height=\"1707\" alt=\"\" title=\"_E0A0306\" class=\"img-responsive wp-image-3172\" srcset=\"https:\/\/jugendpflege4.org\/wp-content\/uploads\/2025\/06\/E0A0306-200x133.jpg 200w, https:\/\/jugendpflege4.org\/wp-content\/uploads\/2025\/06\/E0A0306-400x267.jpg 400w, https:\/\/jugendpflege4.org\/wp-content\/uploads\/2025\/06\/E0A0306-600x400.jpg 600w, https:\/\/jugendpflege4.org\/wp-content\/uploads\/2025\/06\/E0A0306-800x533.jpg 800w, https:\/\/jugendpflege4.org\/wp-content\/uploads\/2025\/06\/E0A0306-1200x800.jpg 1200w, https:\/\/jugendpflege4.org\/wp-content\/uploads\/2025\/06\/E0A0306-scaled.jpg 2560w\" sizes=\"auto, (max-width: 1120px) 100vw, 2560px\" \/><\/span><div class=\"fusion-clearfix\"><\/div>\n\n\t\t\t\t\t<\/div>\n\t\t\t\t<\/div><div  class=\"fusion-layout-column fusion_builder_column fusion_builder_column_1_3 fusion-builder-column-4 fusion-one-third 1_3\"  style='margin-top:0px;margin-bottom:20px;width:33.33%;width:calc(33.33% - ( ( 4% + 4% ) * 0.3333 ) );margin-right: 4%;'>\n\t\t\t\t\t<div class=\"fusion-column-wrapper\" style=\"padding: 0px 0px 0px 0px;background-position:left top;background-repeat:no-repeat;-webkit-background-size:cover;-moz-background-size:cover;-o-background-size:cover;background-size:cover;\"   data-bg-url=\"\">\n\t\t\t\t\t\t<span style=\"-webkit-box-shadow: 0px 0px 4px rgba(0,0,0,0.3);box-shadow: 0px 0px 4px rgba(0,0,0,0.3);\" class=\"fusion-imageframe imageframe-dropshadow imageframe-2 hover-type-none\"><img loading=\"lazy\" decoding=\"async\" src=\"https:\/\/jugendpflege4.org\/wp-content\/uploads\/2025\/06\/E0A0276-scaled.jpg\" width=\"2560\" height=\"1707\" alt=\"\" title=\"_E0A0276\" class=\"img-responsive wp-image-3171\" srcset=\"https:\/\/jugendpflege4.org\/wp-content\/uploads\/2025\/06\/E0A0276-200x133.jpg 200w, https:\/\/jugendpflege4.org\/wp-content\/uploads\/2025\/06\/E0A0276-400x267.jpg 400w, https:\/\/jugendpflege4.org\/wp-content\/uploads\/2025\/06\/E0A0276-600x400.jpg 600w, https:\/\/jugendpflege4.org\/wp-content\/uploads\/2025\/06\/E0A0276-800x533.jpg 800w, https:\/\/jugendpflege4.org\/wp-content\/uploads\/2025\/06\/E0A0276-1200x800.jpg 1200w, https:\/\/jugendpflege4.org\/wp-content\/uploads\/2025\/06\/E0A0276-scaled.jpg 2560w\" sizes=\"auto, (max-width: 1120px) 100vw, 2560px\" \/><\/span><div class=\"fusion-clearfix\"><\/div>\n\n\t\t\t\t\t<\/div>\n\t\t\t\t<\/div><div  class=\"fusion-layout-column fusion_builder_column fusion_builder_column_1_3 fusion-builder-column-5 fusion-one-third fusion-column-last 1_3\"  style='margin-top:0px;margin-bottom:20px;width:33.33%;width:calc(33.33% - ( ( 4% + 4% ) * 0.3333 ) );'>\n\t\t\t\t\t<div class=\"fusion-column-wrapper\" style=\"padding: 0px 0px 0px 0px;background-position:left top;background-repeat:no-repeat;-webkit-background-size:cover;-moz-background-size:cover;-o-background-size:cover;background-size:cover;\"   data-bg-url=\"\">\n\t\t\t\t\t\t<span style=\"-webkit-box-shadow: 0px 0px 4px rgba(0,0,0,0.3);box-shadow: 0px 0px 4px rgba(0,0,0,0.3);\" class=\"fusion-imageframe imageframe-dropshadow imageframe-3 hover-type-none\"><img loading=\"lazy\" decoding=\"async\" src=\"https:\/\/jugendpflege4.org\/wp-content\/uploads\/2020\/02\/Jugendraum_bei_3.jpg\" width=\"809\" height=\"539\" alt=\"\" title=\"Jugendraum_bei_3\" class=\"img-responsive wp-image-1149\" srcset=\"https:\/\/jugendpflege4.org\/wp-content\/uploads\/2020\/02\/Jugendraum_bei_3-200x133.jpg 200w, https:\/\/jugendpflege4.org\/wp-content\/uploads\/2020\/02\/Jugendraum_bei_3-400x267.jpg 400w, https:\/\/jugendpflege4.org\/wp-content\/uploads\/2020\/02\/Jugendraum_bei_3-600x400.jpg 600w, https:\/\/jugendpflege4.org\/wp-content\/uploads\/2020\/02\/Jugendraum_bei_3-800x533.jpg 800w, https:\/\/jugendpflege4.org\/wp-content\/uploads\/2020\/02\/Jugendraum_bei_3.jpg 809w\" sizes=\"auto, (max-width: 1120px) 100vw, 400px\" \/><\/span><div class=\"fusion-clearfix\"><\/div>\n\n\t\t\t\t\t<\/div>\n\t\t\t\t<\/div><\/div><\/div><div class=\"fusion-fullwidth fullwidth-box nonhundred-percent-fullwidth non-hundred-percent-height-scrolling\"  style='background-color: rgba(255,255,255,0);background-position: center center;background-repeat: no-repeat;padding-top:0px;padding-right:0px;padding-bottom:0px;padding-left:0px;'><div class=\"fusion-builder-row fusion-row \"><div  class=\"fusion-layout-column fusion_builder_column fusion_builder_column_1_1 fusion-builder-column-6 fusion-one-full fusion-column-first fusion-column-last 1_1\"  style='margin-top:0px;margin-bottom:20px;'>\n\t\t\t\t\t<div class=\"fusion-column-wrapper\" style=\"padding: 0px 0px 0px 0px;background-position:left top;background-repeat:no-repeat;-webkit-background-size:cover;-moz-background-size:cover;-o-background-size:cover;background-size:cover;\"   data-bg-url=\"\">\n\t\t\t\t\t\t<div class=\"fusion-text\"><section id=\"content\">\n<div id=\"post-1103\" class=\"post-1103 page type-page status-publish hentry\">\n<div class=\"post-content\">\n<div class=\"fusion-fullwidth fullwidth-box nonhundred-percent-fullwidth non-hundred-percent-height-scrolling\">\n<div class=\"fusion-builder-row fusion-row \">\n<div class=\"fusion-layout-column fusion_builder_column fusion_builder_column_1_1 fusion-builder-column-6 fusion-one-full fusion-column-first fusion-column-last 1_1\">\n<div class=\"fusion-column-wrapper\" data-bg-url=\"\">\n<div class=\"fusion-text\">\n<p><strong>KONTAKT<\/strong><\/p>\n<p>Jessica Lehr: 0176-77860365 \/ lehr@jugendpflege4.de<\/p>\n<\/div>\n<\/div>\n<\/div>\n<\/div>\n<\/div>\n<\/div>\n<\/div>\n<\/section>\n<p>\u00a0<\/p>\n<\/div><div class=\"fusion-clearfix\"><\/div>\n\n\t\t\t\t\t<\/div>\n\t\t\t\t<\/div><\/div><\/div><div class=\"fusion-fullwidth fullwidth-box nonhundred-percent-fullwidth non-hundred-percent-height-scrolling\"  style='background-color: rgba(255,255,255,0);background-position: center center;background-repeat: no-repeat;padding-top:0px;padding-right:0px;padding-bottom:0px;padding-left:0px;'><div class=\"fusion-builder-row fusion-row \"><div  class=\"fusion-layout-column fusion_builder_column fusion_builder_column_1_1 fusion-builder-column-7 fusion-one-full fusion-column-first fusion-column-last 1_1\"  style='margin-top:0px;margin-bottom:20px;'>\n\t\t\t\t\t<div class=\"fusion-column-wrapper\" style=\"padding: 0px 0px 0px 0px;background-position:left top;background-repeat:no-repeat;-webkit-background-size:cover;-moz-background-size:cover;-o-background-size:cover;background-size:cover;\"   data-bg-url=\"\">\n\t\t\t\t\t\t<div class=\"fusion-text\"><\/div><div class=\"fusion-clearfix\"><\/div>\n\n\t\t\t\t\t<\/div>\n\t\t\t\t<\/div><\/div><\/div><\/p>\n","protected":false},"excerpt":{"rendered":"","protected":false},"author":1,"featured_media":0,"parent":0,"menu_order":0,"comment_status":"closed","ping_status":"closed","template":"","meta":{"_bbp_topic_count":0,"_bbp_reply_count":0,"_bbp_total_topic_count":0,"_bbp_total_reply_count":0,"_bbp_voice_count":0,"_bbp_anonymous_reply_count":0,"_bbp_topic_count_hidden":0,"_bbp_reply_count_hidden":0,"_bbp_forum_subforum_count":0,"footnotes":""},"class_list":["post-1119","page","type-page","status-publish","hentry"],"_links":{"self":[{"href":"https:\/\/jugendpflege4.org\/index.php\/wp-json\/wp\/v2\/pages\/1119","targetHints":{"allow":["GET"]}}],"collection":[{"href":"https:\/\/jugendpflege4.org\/index.php\/wp-json\/wp\/v2\/pages"}],"about":[{"href":"https:\/\/jugendpflege4.org\/index.php\/wp-json\/wp\/v2\/types\/page"}],"author":[{"embeddable":true,"href":"https:\/\/jugendpflege4.org\/index.php\/wp-json\/wp\/v2\/users\/1"}],"replies":[{"embeddable":true,"href":"https:\/\/jugendpflege4.org\/index.php\/wp-json\/wp\/v2\/comments?post=1119"}],"version-history":[{"count":13,"href":"https:\/\/jugendpflege4.org\/index.php\/wp-json\/wp\/v2\/pages\/1119\/revisions"}],"predecessor-version":[{"id":3227,"href":"https:\/\/jugendpflege4.org\/index.php\/wp-json\/wp\/v2\/pages\/1119\/revisions\/3227"}],"wp:attachment":[{"href":"https:\/\/jugendpflege4.org\/index.php\/wp-json\/wp\/v2\/media?parent=1119"}],"curies":[{"name":"wp","href":"https:\/\/api.w.org\/{rel}","templated":true}]}}