{"id":1123,"date":"2019-11-21T11:28:36","date_gmt":"2019-11-21T10:28:36","guid":{"rendered":"http:\/\/jugendpflege4.org\/?page_id=1123"},"modified":"2025-06-06T13:16:04","modified_gmt":"2025-06-06T11:16:04","slug":"jugendtreff-dorn-assenheim","status":"publish","type":"page","link":"https:\/\/jugendpflege4.org\/index.php\/jugendtreff-dorn-assenheim\/","title":{"rendered":"Jugendtreff Dorn-Assenheim"},"content":{"rendered":"<p><div class=\"fusion-fullwidth fullwidth-box nonhundred-percent-fullwidth non-hundred-percent-height-scrolling\"  style='background-color: rgba(255,255,255,0);background-position: center center;background-repeat: no-repeat;padding-top:0px;padding-right:0px;padding-bottom:0px;padding-left:0px;'><div class=\"fusion-builder-row fusion-row \"><div  class=\"fusion-layout-column fusion_builder_column fusion_builder_column_1_2 fusion-builder-column-1 fusion-one-half fusion-column-first 1_2\"  style='margin-top:0px;margin-bottom:20px;width:50%;width:calc(50% - ( ( 4% ) * 0.5 ) );margin-right: 4%;'>\n\t\t\t\t\t<div class=\"fusion-column-wrapper\" style=\"padding: 0px 0px 0px 0px;background-position:left top;background-repeat:no-repeat;-webkit-background-size:cover;-moz-background-size:cover;-o-background-size:cover;background-size:cover;\"   data-bg-url=\"\">\n\t\t\t\t\t\t<div class=\"fusion-text\"><p><b>Jugendtreff Dorn-Assenheim<\/b><\/p>\n<p>Langeweidstr. 3, 61203 Dorn-Assenheim<\/p>\n<p>Mittwochs von 15:00 &#8211; 17:30 Uhr<\/p>\n<\/div><div class=\"fusion-clearfix\"><\/div>\n\n\t\t\t\t\t<\/div>\n\t\t\t\t<\/div><div  class=\"fusion-layout-column fusion_builder_column fusion_builder_column_1_2 fusion-builder-column-2 fusion-one-half fusion-column-last 1_2\"  style='margin-top:0px;margin-bottom:20px;width:50%;width:calc(50% - ( ( 4% ) * 0.5 ) );'>\n\t\t\t\t\t<div class=\"fusion-column-wrapper\" style=\"padding: 0px 0px 0px 0px;background-position:left top;background-repeat:no-repeat;-webkit-background-size:cover;-moz-background-size:cover;-o-background-size:cover;background-size:cover;\"   data-bg-url=\"\">\n\t\t\t\t\t\t<div class=\"fusion-text\"><p>Du hast Lust auf entspannte Nachmittage mit Freunden? Dann Komm vorbei!<\/p>\n<p>Direkt an der Feuerwehr, findest du den Jugendtreff in Dorn-Assenheim.<\/p>\n<p>Der Raum ist klein und gem\u00fctlich, hat eine Eckbank, eine Spielekonsole und einen gro\u00dfen Tisch zum Spielen, Basteln und Essen. Au\u00dferdem haben wir eine K\u00fcche, die wir zum Backen und Kochen nutzen k\u00f6nnen.<\/p>\n<p>Es gibt viele verschiedene Brettspiele- vielleicht findest du hier dein Lieblingsspiel?<\/p>\n<p>Jeden Monat gibt\u2019s bei uns etwas Besonderes:<\/p>\n<ul>\n<li><strong>Kochen<\/strong> \u2013 Gemeinsam neue Rezepte ausprobieren.<\/li>\n<li><strong>Basteln<\/strong> \u2013 Kreativ werden mit neuen DIY-Projekten.<\/li>\n<li><strong>Backen<\/strong> \u2013 S\u00fc\u00dfe Leckereien selbst machen und genie\u00dfen.<\/li>\n<\/ul>\n<p>Oder hast du noch andere Ideen? Lass es mich wissen.\u00a0<\/p>\n<\/div><div class=\"fusion-clearfix\"><\/div>\n\n\t\t\t\t\t<\/div>\n\t\t\t\t<\/div><\/div><\/div><div class=\"fusion-fullwidth fullwidth-box nonhundred-percent-fullwidth non-hundred-percent-height-scrolling\"  style='background-color: rgba(255,255,255,0);background-position: center center;background-repeat: no-repeat;padding-top:0px;padding-right:0px;padding-bottom:0px;padding-left:0px;'><div class=\"fusion-builder-row fusion-row \"><div  class=\"fusion-layout-column fusion_builder_column fusion_builder_column_1_4 fusion-builder-column-3 fusion-one-fourth fusion-column-first 1_4\"  style='margin-top:0px;margin-bottom:20px;width:25%;width:calc(25% - ( ( 4% + 4% + 4% ) * 0.25 ) );margin-right: 4%;'>\n\t\t\t\t\t<div class=\"fusion-column-wrapper\" style=\"padding: 0px 0px 0px 0px;background-position:left top;background-repeat:no-repeat;-webkit-background-size:cover;-moz-background-size:cover;-o-background-size:cover;background-size:cover;\"   data-bg-url=\"\">\n\t\t\t\t\t\t<span style=\"-webkit-box-shadow: 0px 0px 4px rgba(0,0,0,0.3);box-shadow: 0px 0px 4px rgba(0,0,0,0.3);\" class=\"fusion-imageframe imageframe-dropshadow imageframe-1 hover-type-none\"><img loading=\"lazy\" decoding=\"async\" src=\"https:\/\/jugendpflege4.org\/wp-content\/uploads\/2020\/02\/MG_0375-1.jpg\" width=\"667\" height=\"444\" alt=\"\" title=\"_MG_0375\" class=\"img-responsive wp-image-1183\" srcset=\"https:\/\/jugendpflege4.org\/wp-content\/uploads\/2020\/02\/MG_0375-1-200x133.jpg 200w, https:\/\/jugendpflege4.org\/wp-content\/uploads\/2020\/02\/MG_0375-1-400x266.jpg 400w, https:\/\/jugendpflege4.org\/wp-content\/uploads\/2020\/02\/MG_0375-1-600x399.jpg 600w, https:\/\/jugendpflege4.org\/wp-content\/uploads\/2020\/02\/MG_0375-1.jpg 667w\" sizes=\"auto, (max-width: 1120px) 100vw, 400px\" \/><\/span><div class=\"fusion-clearfix\"><\/div>\n\n\t\t\t\t\t<\/div>\n\t\t\t\t<\/div><div  class=\"fusion-layout-column fusion_builder_column fusion_builder_column_1_4 fusion-builder-column-4 fusion-one-fourth 1_4\"  style='margin-top:0px;margin-bottom:20px;width:25%;width:calc(25% - ( ( 4% + 4% + 4% ) * 0.25 ) );margin-right: 4%;'>\n\t\t\t\t\t<div class=\"fusion-column-wrapper\" style=\"padding: 0px 0px 0px 0px;background-position:left top;background-repeat:no-repeat;-webkit-background-size:cover;-moz-background-size:cover;-o-background-size:cover;background-size:cover;\"   data-bg-url=\"\">\n\t\t\t\t\t\t<span style=\"-webkit-box-shadow: 0px 0px 4px rgba(0,0,0,0.3);box-shadow: 0px 0px 4px rgba(0,0,0,0.3);\" class=\"fusion-imageframe imageframe-dropshadow imageframe-2 hover-type-none\"><img loading=\"lazy\" decoding=\"async\" src=\"https:\/\/jugendpflege4.org\/wp-content\/uploads\/2021\/02\/E0A5331.jpg\" width=\"823\" height=\"548\" alt=\"\" title=\"_E0A5331\" class=\"img-responsive wp-image-2134\" srcset=\"https:\/\/jugendpflege4.org\/wp-content\/uploads\/2021\/02\/E0A5331-200x133.jpg 200w, https:\/\/jugendpflege4.org\/wp-content\/uploads\/2021\/02\/E0A5331-400x266.jpg 400w, https:\/\/jugendpflege4.org\/wp-content\/uploads\/2021\/02\/E0A5331-600x400.jpg 600w, https:\/\/jugendpflege4.org\/wp-content\/uploads\/2021\/02\/E0A5331-800x533.jpg 800w, https:\/\/jugendpflege4.org\/wp-content\/uploads\/2021\/02\/E0A5331.jpg 823w\" sizes=\"auto, (max-width: 1120px) 100vw, 823px\" \/><\/span><div class=\"fusion-clearfix\"><\/div>\n\n\t\t\t\t\t<\/div>\n\t\t\t\t<\/div><div  class=\"fusion-layout-column fusion_builder_column fusion_builder_column_1_4 fusion-builder-column-5 fusion-one-fourth 1_4\"  style='margin-top:0px;margin-bottom:20px;width:25%;width:calc(25% - ( ( 4% + 4% + 4% ) * 0.25 ) );margin-right: 4%;'>\n\t\t\t\t\t<div class=\"fusion-column-wrapper\" style=\"padding: 0px 0px 0px 0px;background-position:left top;background-repeat:no-repeat;-webkit-background-size:cover;-moz-background-size:cover;-o-background-size:cover;background-size:cover;\"   data-bg-url=\"\">\n\t\t\t\t\t\t<span style=\"-webkit-box-shadow: 0px 0px 4px rgba(0,0,0,0.3);box-shadow: 0px 0px 4px rgba(0,0,0,0.3);\" class=\"fusion-imageframe imageframe-dropshadow imageframe-3 hover-type-none\"><img loading=\"lazy\" decoding=\"async\" src=\"https:\/\/jugendpflege4.org\/wp-content\/uploads\/2021\/02\/E0A5320.jpg\" width=\"845\" height=\"563\" alt=\"\" title=\"_E0A5320\" class=\"img-responsive wp-image-2133\" srcset=\"https:\/\/jugendpflege4.org\/wp-content\/uploads\/2021\/02\/E0A5320-200x133.jpg 200w, https:\/\/jugendpflege4.org\/wp-content\/uploads\/2021\/02\/E0A5320-400x267.jpg 400w, https:\/\/jugendpflege4.org\/wp-content\/uploads\/2021\/02\/E0A5320-600x400.jpg 600w, https:\/\/jugendpflege4.org\/wp-content\/uploads\/2021\/02\/E0A5320-800x533.jpg 800w, https:\/\/jugendpflege4.org\/wp-content\/uploads\/2021\/02\/E0A5320.jpg 845w\" sizes=\"auto, (max-width: 1120px) 100vw, 845px\" \/><\/span><div class=\"fusion-clearfix\"><\/div>\n\n\t\t\t\t\t<\/div>\n\t\t\t\t<\/div><div  class=\"fusion-layout-column fusion_builder_column fusion_builder_column_1_4 fusion-builder-column-6 fusion-one-fourth fusion-column-last 1_4\"  style='margin-top:0px;margin-bottom:20px;width:25%;width:calc(25% - ( ( 4% + 4% + 4% ) * 0.25 ) );'>\n\t\t\t\t\t<div class=\"fusion-column-wrapper\" style=\"padding: 0px 0px 0px 0px;background-position:left top;background-repeat:no-repeat;-webkit-background-size:cover;-moz-background-size:cover;-o-background-size:cover;background-size:cover;\"   data-bg-url=\"\">\n\t\t\t\t\t\t<div class=\"fusion-clearfix\"><\/div>\n\n\t\t\t\t\t<\/div>\n\t\t\t\t<\/div><\/div><\/div><div class=\"fusion-fullwidth fullwidth-box nonhundred-percent-fullwidth non-hundred-percent-height-scrolling\"  style='background-color: rgba(255,255,255,0);background-position: center center;background-repeat: no-repeat;padding-top:0px;padding-right:0px;padding-bottom:0px;padding-left:0px;'><div class=\"fusion-builder-row fusion-row \"><div  class=\"fusion-layout-column fusion_builder_column fusion_builder_column_1_1 fusion-builder-column-7 fusion-one-full fusion-column-first fusion-column-last 1_1\"  style='margin-top:0px;margin-bottom:20px;'>\n\t\t\t\t\t<div class=\"fusion-column-wrapper\" style=\"padding: 0px 0px 0px 0px;background-position:left top;background-repeat:no-repeat;-webkit-background-size:cover;-moz-background-size:cover;-o-background-size:cover;background-size:cover;\"   data-bg-url=\"\">\n\t\t\t\t\t\t<div class=\"fusion-text\"><p><strong>KONTAKT<\/strong><\/p>\n<p>Jessica Lehr: 0176-77860365 \/\u00a0 lehr@jugendpflege4.de<\/p>\n<\/div><div class=\"fusion-clearfix\"><\/div>\n\n\t\t\t\t\t<\/div>\n\t\t\t\t<\/div><\/div><\/div><\/p>\n","protected":false},"excerpt":{"rendered":"","protected":false},"author":1,"featured_media":0,"parent":0,"menu_order":0,"comment_status":"closed","ping_status":"closed","template":"","meta":{"_bbp_topic_count":0,"_bbp_reply_count":0,"_bbp_total_topic_count":0,"_bbp_total_reply_count":0,"_bbp_voice_count":0,"_bbp_anonymous_reply_count":0,"_bbp_topic_count_hidden":0,"_bbp_reply_count_hidden":0,"_bbp_forum_subforum_count":0,"footnotes":""},"class_list":["post-1123","page","type-page","status-publish","hentry"],"_links":{"self":[{"href":"https:\/\/jugendpflege4.org\/index.php\/wp-json\/wp\/v2\/pages\/1123","targetHints":{"allow":["GET"]}}],"collection":[{"href":"https:\/\/jugendpflege4.org\/index.php\/wp-json\/wp\/v2\/pages"}],"about":[{"href":"https:\/\/jugendpflege4.org\/index.php\/wp-json\/wp\/v2\/types\/page"}],"author":[{"embeddable":true,"href":"https:\/\/jugendpflege4.org\/index.php\/wp-json\/wp\/v2\/users\/1"}],"replies":[{"embeddable":true,"href":"https:\/\/jugendpflege4.org\/index.php\/wp-json\/wp\/v2\/comments?post=1123"}],"version-history":[{"count":16,"href":"https:\/\/jugendpflege4.org\/index.php\/wp-json\/wp\/v2\/pages\/1123\/revisions"}],"predecessor-version":[{"id":3166,"href":"https:\/\/jugendpflege4.org\/index.php\/wp-json\/wp\/v2\/pages\/1123\/revisions\/3166"}],"wp:attachment":[{"href":"https:\/\/jugendpflege4.org\/index.php\/wp-json\/wp\/v2\/media?parent=1123"}],"curies":[{"name":"wp","href":"https:\/\/api.w.org\/{rel}","templated":true}]}}