{"id":1624,"date":"2020-02-28T11:14:05","date_gmt":"2020-02-28T10:14:05","guid":{"rendered":"http:\/\/jugendpflege4.org\/?page_id=1624"},"modified":"2020-04-01T15:18:36","modified_gmt":"2020-04-01T13:18:36","slug":"internationale-jugendbegnungen","status":"publish","type":"page","link":"https:\/\/jugendpflege4.org\/index.php\/internationale-jugendbegnungen\/","title":{"rendered":"Internationale Jugendbegegnungen"},"content":{"rendered":"<p><div class=\"fusion-fullwidth fullwidth-box nonhundred-percent-fullwidth non-hundred-percent-height-scrolling\"  style='background-color: rgba(255,255,255,0);background-position: center center;background-repeat: no-repeat;padding-top:0px;padding-right:0px;padding-bottom:0px;padding-left:0px;'><div class=\"fusion-builder-row fusion-row \"><div  class=\"fusion-layout-column fusion_builder_column fusion_builder_column_1_1 fusion-builder-column-1 fusion-one-full fusion-column-first fusion-column-last 1_1\"  style='margin-top:0px;margin-bottom:20px;'>\n\t\t\t\t\t<div class=\"fusion-column-wrapper\" style=\"padding: 0px 0px 0px 0px;background-position:left top;background-repeat:no-repeat;-webkit-background-size:cover;-moz-background-size:cover;-o-background-size:cover;background-size:cover;\"   data-bg-url=\"\">\n\t\t\t\t\t\t<div class=\"fusion-text\"><h3>Friends meet Friends<\/h3>\n<\/div><div class=\"fusion-text\"><p>Hier gibt es einen \u00dcberblick der vergangenen Jugendbegegnungen (aus Datenschutzrechtlichen Gr\u00fcnden sind die Seiten nicht verlinkt. Bitte kopieren Sie oder kopiert Euch den jeweiligen Link hinter dem Jahr und \u00f6ffnet ihn in Ihrem\/ Eurem Browser)<\/p>\n<\/div><div class=\"fusion-clearfix\"><\/div>\n\n\t\t\t\t\t<\/div>\n\t\t\t\t<\/div><\/div><\/div><div class=\"fusion-fullwidth fullwidth-box nonhundred-percent-fullwidth non-hundred-percent-height-scrolling\"  style='background-color: rgba(255,255,255,0);background-position: center center;background-repeat: no-repeat;padding-top:0px;padding-right:0px;padding-bottom:0px;padding-left:0px;'><div class=\"fusion-builder-row fusion-row \"><div  class=\"fusion-layout-column fusion_builder_column fusion_builder_column_1_2 fusion-builder-column-2 fusion-one-half fusion-column-first 1_2\"  style='margin-top:0px;margin-bottom:20px;width:50%;width:calc(50% - ( ( 4% ) * 0.5 ) );margin-right: 4%;'>\n\t\t\t\t\t<div class=\"fusion-column-wrapper\" style=\"padding: 0px 0px 0px 0px;background-position:left top;background-repeat:no-repeat;-webkit-background-size:cover;-moz-background-size:cover;-o-background-size:cover;background-size:cover;\"   data-bg-url=\"\">\n\t\t\t\t\t\t<div class=\"fusion-text\"><h1 data-fontsize=\"34\" data-lineheight=\"47\"><a target=\"_blank\" rel=\"noopener noreferrer\"> <\/a><span style=\"font-size: 13px;\" data-fusion-font=\"true\"><span style=\"font-size: 13px;\" data-fusion-font=\"true\">2008  http:\/\/juflorei.blogspot.com\/2008\/11\/friends-meet-friends-08-looking-for-new.html<\/span><br \/><span style=\"font-size: 13px;\" data-fusion-font=\"true\">2009   http:\/\/juflorei.blogspot.com\/2009\/07\/der-countdown-lauft.html<\/span><br \/>2010   http:\/\/juflorei.blogspot.com\/2010\/08\/kurz-vor-brussel.html<br \/>2011  http:\/\/fmf2011.blogspot.com\/<br \/>2012 https:\/\/fmf12.blogspot.com\/2012\/06\/friends-meet-friends-2012.html<\/span><\/h1>\n<h1 data-fontsize=\"34\" data-lineheight=\"47\"><span style=\"font-size: 13px;\" data-fusion-font=\"true\">2013 http:\/\/fmf2013.blogspot.com\/<\/span><\/h1>\n<h1 data-fontsize=\"34\" data-lineheight=\"47\"><span style=\"font-size: 13px;\" data-fusion-font=\"true\">2014 http:\/\/juflorei.blogspot.com\/2014\/07\/the-polish-busdriver-are-faster-than.html<\/span><\/h1>\n<p><span style=\"font-size: 13px;\" data-fusion-font=\"true\"><\/span><\/p>\n<h1 data-fontsize=\"34\" data-lineheight=\"47\"><span style=\"font-size: 13px;\" data-fusion-font=\"true\">2016   http:\/\/friendsmeetfriendsf16.blogspot.de\/<\/span><\/h1>\n<div>\n<\/div>\n<p><a href=\"http:\/\/fmf2013.blogspot.com\/\" target=\"_blank\" rel=\"noopener noreferrer\"> <\/a><\/p>\n<h1 data-fontsize=\"34\" data-lineheight=\"47\"><a href=\"http:\/\/friendsmeetfriendsf16.blogspot.com\/\"><br \/><\/a><\/h1>\n<h1 data-fontsize=\"34\" data-lineheight=\"47\"><\/h1>\n<\/div><div class=\"fusion-clearfix\"><\/div>\n\n\t\t\t\t\t<\/div>\n\t\t\t\t<\/div><div  class=\"fusion-layout-column fusion_builder_column fusion_builder_column_1_2 fusion-builder-column-3 fusion-one-half fusion-column-last 1_2\"  style='margin-top:0px;margin-bottom:20px;width:50%;width:calc(50% - ( ( 4% ) * 0.5 ) );'>\n\t\t\t\t\t<div class=\"fusion-column-wrapper\" style=\"padding: 0px 0px 0px 0px;background-position:left top;background-repeat:no-repeat;-webkit-background-size:cover;-moz-background-size:cover;-o-background-size:cover;background-size:cover;\"   data-bg-url=\"\">\n\t\t\t\t\t\t<span style=\"-webkit-box-shadow: 0px 0px 4px rgba(0,0,0,0.3);box-shadow: 0px 0px 4px rgba(0,0,0,0.3);\" class=\"fusion-imageframe imageframe-dropshadow imageframe-1 hover-type-none\"><img loading=\"lazy\" decoding=\"async\" src=\"http:\/\/jugendpflege4.org\/wp-content\/uploads\/2019\/10\/Iphone-001-300x205.jpg\" width=\"300\" height=\"205\" alt=\"\" title=\"European Union flag waving on the wind\" class=\"img-responsive wp-image-927\" srcset=\"https:\/\/jugendpflege4.org\/wp-content\/uploads\/2019\/10\/Iphone-001-200x137.jpg 200w, https:\/\/jugendpflege4.org\/wp-content\/uploads\/2019\/10\/Iphone-001-400x273.jpg 400w, https:\/\/jugendpflege4.org\/wp-content\/uploads\/2019\/10\/Iphone-001-600x410.jpg 600w, https:\/\/jugendpflege4.org\/wp-content\/uploads\/2019\/10\/Iphone-001-800x547.jpg 800w, https:\/\/jugendpflege4.org\/wp-content\/uploads\/2019\/10\/Iphone-001-1200x820.jpg 1200w, https:\/\/jugendpflege4.org\/wp-content\/uploads\/2019\/10\/Iphone-001.jpg 1667w\" sizes=\"auto, (max-width: 1120px) 100vw, 600px\" \/><\/span><div class=\"fusion-clearfix\"><\/div>\n\n\t\t\t\t\t<\/div>\n\t\t\t\t<\/div><\/div><\/div><\/p>\n","protected":false},"excerpt":{"rendered":"","protected":false},"author":1,"featured_media":0,"parent":0,"menu_order":0,"comment_status":"closed","ping_status":"closed","template":"","meta":{"_bbp_topic_count":0,"_bbp_reply_count":0,"_bbp_total_topic_count":0,"_bbp_total_reply_count":0,"_bbp_voice_count":0,"_bbp_anonymous_reply_count":0,"_bbp_topic_count_hidden":0,"_bbp_reply_count_hidden":0,"_bbp_forum_subforum_count":0,"footnotes":""},"class_list":["post-1624","page","type-page","status-publish","hentry"],"_links":{"self":[{"href":"https:\/\/jugendpflege4.org\/index.php\/wp-json\/wp\/v2\/pages\/1624","targetHints":{"allow":["GET"]}}],"collection":[{"href":"https:\/\/jugendpflege4.org\/index.php\/wp-json\/wp\/v2\/pages"}],"about":[{"href":"https:\/\/jugendpflege4.org\/index.php\/wp-json\/wp\/v2\/types\/page"}],"author":[{"embeddable":true,"href":"https:\/\/jugendpflege4.org\/index.php\/wp-json\/wp\/v2\/users\/1"}],"replies":[{"embeddable":true,"href":"https:\/\/jugendpflege4.org\/index.php\/wp-json\/wp\/v2\/comments?post=1624"}],"version-history":[{"count":20,"href":"https:\/\/jugendpflege4.org\/index.php\/wp-json\/wp\/v2\/pages\/1624\/revisions"}],"predecessor-version":[{"id":1815,"href":"https:\/\/jugendpflege4.org\/index.php\/wp-json\/wp\/v2\/pages\/1624\/revisions\/1815"}],"wp:attachment":[{"href":"https:\/\/jugendpflege4.org\/index.php\/wp-json\/wp\/v2\/media?parent=1624"}],"curies":[{"name":"wp","href":"https:\/\/api.w.org\/{rel}","templated":true}]}}