{"id":1686,"date":"2020-03-10T10:31:10","date_gmt":"2020-03-10T09:31:10","guid":{"rendered":"http:\/\/jugendpflege4.org\/?page_id=1686"},"modified":"2023-06-30T10:27:45","modified_gmt":"2023-06-30T08:27:45","slug":"leittfaden","status":"publish","type":"page","link":"https:\/\/jugendpflege4.org\/index.php\/leittfaden\/","title":{"rendered":"Leitlinien"},"content":{"rendered":"<p><div class=\"fusion-fullwidth fullwidth-box nonhundred-percent-fullwidth non-hundred-percent-height-scrolling\"  style='background-color: rgba(255,255,255,0);background-position: center center;background-repeat: no-repeat;padding-top:0px;padding-right:0px;padding-bottom:0px;padding-left:0px;'><div class=\"fusion-builder-row fusion-row \"><div  class=\"fusion-layout-column fusion_builder_column fusion_builder_column_1_1 fusion-builder-column-1 fusion-one-full fusion-column-first fusion-column-last 1_1\"  style='margin-top:0px;margin-bottom:20px;'>\n\t\t\t\t\t<div class=\"fusion-column-wrapper\" style=\"padding: 0px 0px 0px 0px;background-position:left top;background-repeat:no-repeat;-webkit-background-size:cover;-moz-background-size:cover;-o-background-size:cover;background-size:cover;\"   data-bg-url=\"\">\n\t\t\t\t\t\t<div class=\"fusion-text\"><h4>Die Jugendpflege 4.o steht f\u00fcr Respekt, Toleranz, Vielfalt und sensible Sprache.<\/h4>\n<\/div><div class=\"fusion-clearfix\"><\/div>\n\n\t\t\t\t\t<\/div>\n\t\t\t\t<\/div><\/div><\/div><div class=\"fusion-fullwidth fullwidth-box nonhundred-percent-fullwidth non-hundred-percent-height-scrolling\"  style='background-color: rgba(255,255,255,0);background-position: center center;background-repeat: no-repeat;padding-top:0px;padding-right:0px;padding-bottom:0px;padding-left:0px;'><div class=\"fusion-builder-row fusion-row \"><div  class=\"fusion-layout-column fusion_builder_column fusion_builder_column_1_1 fusion-builder-column-2 fusion-one-full fusion-column-first fusion-column-last 1_1\"  style='margin-top:0px;margin-bottom:20px;'>\n\t\t\t\t\t<div class=\"fusion-column-wrapper\" style=\"padding: 0px 0px 0px 0px;background-position:left top;background-repeat:no-repeat;-webkit-background-size:cover;-moz-background-size:cover;-o-background-size:cover;background-size:cover;\"   data-bg-url=\"\">\n\t\t\t\t\t\t<div class=\"fusion-text\"><p><strong><em><u>Leitlinien der Jugendpflege 4.0 <\/u><\/em><\/strong><\/p>\n<p>Jugendarbeit\/Jugendpflege ist eine Teilleistung der Jugendhilfe, deren Auftrag im Kinder- und Jugendhilfegesetz (KJHG) festgelegt ist. Das Aufgabengebiet der kommunalen Jugendpflege setzt unmittelbar an den Lebensbereichen der Kinder und Jugendlichen an. Erg\u00e4nzend zu Familien-, Schul- und Vereinsleben bilden wir, die Jugendpflege 4.0, ein niedrigschwelliges Angebot, welches f\u00fcr alle Jugendlichen aus den Kommunen <strong><em>Florstadt, Reichelsheim, Echzell und W\u00f6lfersheim<\/em><\/strong> zur Verf\u00fcgung steht.<\/p>\n<ul>\n<li style=\"text-align: center;\"><strong>\u00a7 11 SGB VIII<\/strong><\/li>\n<\/ul>\n<p style=\"text-align: center;\"><em>1. Jungen Menschen sind die zur F\u00f6rderung ihrer Entwicklung erforderlichen Angebote der Jugendarbeit zur Verf\u00fcgung zu stellen. Sie sollen an den Interessen junger Menschen ankn\u00fcpfen und von ihnen mitbestimmt und mitgestaltet werden, sie zur Selbstbestimmung bef\u00e4higen und zu gesellschaftlicher Mitverantwortung und zu sozialem Engagement anregen und hinf\u00fchren.<\/em><\/p>\n<p style=\"text-align: center;\"><em>2. Jugendarbeit wird angeboten von Verb\u00e4nden, Gruppen und Initiativen der Jugend, von anderen Tr\u00e4gern der Jugendarbeit und den Tr\u00e4gem der \u00f6ffentlichen Jugendhilfe. Sie umfasst f\u00fcr Mitglieder bestimmte Angebote, die offene Jugendarbeit und gemeinwesenorientierte Angebote.<\/em><\/p>\n<p style=\"text-align: center;\"><em>3. Zu den Schwerpunkten der Jugendarbeit geh\u00f6ren:<\/em><\/p>\n<p align=\"center\" data-fontsize=\"11\" data-lineheight=\"17\"><em><span style=\"color: #a0a0a0;\">a. au\u00dferschulische Jugendbildung mit allgemeiner, politischer, sozialer, gesundheitlicher, kultureller, naturkundlicher und technischer Bildung<\/span><\/em><\/p>\n<p align=\"center\"><em><span style=\"color: #a0a0a0;\">b. Jugendarbeit in Sport, Spiel und Geselligkeit<\/span><\/em><\/p>\n<p align=\"center\"><em><span style=\"color: #a0a0a0;\">c. arbeitswelt-, schul- und familienbezogene Jugendarbeit<\/span><\/em><\/p>\n<p align=\"center\"><em><span style=\"color: #a0a0a0;\">d. internationale Jugendarbeit<\/span><\/em><\/p>\n<p align=\"center\"><em><span style=\"color: #a0a0a0;\">e. Kinder- und JugenderholungJugendberatung<\/span><\/em><\/p>\n<p style=\"text-align: center;\"><em>4. Angebote der Jugendarbeit k\u00f6nnen auch Personen, die das 27. Lebensjahr vollendet haben, in angemessenem Umfang einbeziehen.<\/em><\/p>\n<p>Ziel unserer Arbeit ist es, Kindern und Jugendlichen einen Raum zur freien Entfaltung zu bieten sowie die Selbstsicherheit, Eigenst\u00e4ndigkeit und ein selbstverantwortliches Handeln zu f\u00f6rdern. Eine Jugendpflege die sowohl Freir\u00e4ume f\u00fcr jugendliches Ausprobieren l\u00e4sst, als auch haltend und regelnd Sicherheit bietet, ist Ausdruck daf\u00fcr, dass Jugendliche in den Kommunen ihren akzeptierten Platz haben.<\/p>\n<p>Wir bauen unsere Arbeit auf den Ressourcen auf, die die Kinder und Jugendlichen mitbringen. Diese werden aktiv in die Gestaltung der Angebote einbezogen, damit sie sich besser mit den Zielen und Inhalten der Angebote identifizieren k\u00f6nnen und aktiv partizipieren.<\/p>\n<p>Dies wird vor allem in der Arbeit innerhalb der <strong><em>Jugendr\u00e4ume<\/em><\/strong> umgesetzt. Wir stellen in allen vier Kommunen R\u00e4ume zur Verf\u00fcgung, in denen Jugendliche einen Teil ihrer Freizeit verbringen und diese selbst gestalten k\u00f6nnen. Dazu geh\u00f6ren niedrigschwellige Angebote wie z.B. Kochen und Backen, Basteln, Ausfl\u00fcge und verschiedene Spielangebote. Auch einfache Gespr\u00e4chsrunden k\u00f6nnen die Kinder und Jugendlichen in ihrer Entwicklung f\u00f6rdern und zu mehr Mut und Offenheit in ihrem eigenen Alltag beitragen. Die Jugendr\u00e4ume sind sowohl Anlaufstelle als auch Raum f\u00fcr <strong><em>Gruppen- oder Einzelberatung<\/em><\/strong>.<\/p>\n<p><strong><em>Pr\u00e4vention<\/em><\/strong> ist ein wichtiges Ziel der Jugendpflege, das sowohl in der t\u00e4glichen Arbeit als auch punktuell in der Kooperation mit den Schulen erreicht werden soll. Dieses beinhaltet sowohl Drogen- und Mediensuchtpr\u00e4vention, als auch Diskussion und Auseinandersetzung mit geschlechtlicher Vielfalt.<\/p>\n<p>Offene Jugendarbeit beinhaltet bewusste und offene Parteinahme f\u00fcr die Interessen und Bed\u00fcrfnisse der Jugendlichen. Sie werden darin unterst\u00fctzt, ihre Ideen und W\u00fcnsche zu realisieren. Dar\u00fcber hinaus sollen sie lernen, sich mit dem eigenen Verhalten auseinanderzusetzen und ihre eigenen Standpunkte einzunehmen.<\/p>\n<p>Die Kinder und Jugendlichen von heute sind die Erwachsenen von morgen. Eine demokratisch organisierte Kommune muss deshalb m\u00f6glichst fr\u00fch daf\u00fcr sorgen, dass demokratisches Handeln erlernt und gesch\u00e4tzt wird. Durch eine Kooperation mit BUNTerLEBEN, eine interkommunale Initiative von Echzell, Florstadt, Reichelsheim und W\u00f6lfersheim, die gemeinsam die Partnerschaft f\u00fcr Demokratie in der Mittleren Wetterau darstellen, f\u00f6rdern wir die Partizipation der Jugendlichen am gesellschaftlichen und politischen Leben. In jeder der vier Kommunen wird ein<strong><em> Jugendforum <\/em><\/strong>installiert, welches es erm\u00f6glicht die Eigenverantwortung Jugendlicher zu f\u00f6rdern und ihren Gemeinschaftssinn zu st\u00e4rken. Die M\u00f6glichkeit zur Mitbestimmung f\u00fchrt dazu, dass das Angebot eher genutzt und die Jugendlichen mehr Zeit und Energie in &#8222;ihr&#8220; Projekt, &#8222;ihre&#8220; Veranstaltung oder &#8222;ihre&#8220; Jugendeinrichtung investieren. Die Angebote der kommunalen Jugendpflege bauen ausschlie\u00dflich auf der Freiwilligkeit der Teilnahme und des Mitwirkens auf.<\/p>\n<p>Das Bem\u00fchen um <strong><em>soziale Integration<\/em><\/strong> von einzelnen Jugendlichen oder ganzen Gruppen in die Einrichtungen der Jugendpflege ist ein wichtiges Ziel der Jugendarbeit. Dabei werden gesellschaftliche Werte und Normen, aber auch Lebensinhalte der jungen Generation vermittelt. Jugendarbeit hat zudem die Aufgabe, die Jugendlichen aus Randgruppen in ihre Arbeit mit einzubeziehen, um Benachteiligungen abzubauen. Kinder und Jugendliche mit ihren unterschiedlichen sozialen Bez\u00fcgen haben nicht von vorne herein die gleichen M\u00f6glichkeiten f\u00fcr eine gute Entwicklung. Es ist auch Aufgabe der kommunalen Gemeinschaft hier f\u00f6rdernd einen Ausgleich zu schaffen.<\/p>\n<p>Die Integration von Jugendlichen, das Vermitteln von gegenseitiger Toleranz gegen\u00fcber unterschiedlichen Kulturen, Religionen, Handicaps und Geschlechtervielfalt ist ein wichtiger Ansatz unserer Arbeit. Auch die Geschlechtszugeh\u00f6rigkeit beeinflusst noch immer die Partizipationschancen an gesellschaftlichen, politischen und wirtschaftlichen Prozessen. Auch hier gilt es die unterschiedlichen M\u00f6glichkeiten zu nutzen um Benachteiligung vorzubeugen.<\/p>\n<p><strong><em>Wir, die Jugendpflege 4.0, stehen f\u00fcr Toleranz, Vielfalt und Respekt!<\/em><\/strong><\/p>\n<\/div><div class=\"fusion-clearfix\"><\/div>\n\n\t\t\t\t\t<\/div>\n\t\t\t\t<\/div><\/div><\/div><\/p>\n","protected":false},"excerpt":{"rendered":"","protected":false},"author":1,"featured_media":0,"parent":0,"menu_order":0,"comment_status":"closed","ping_status":"closed","template":"","meta":{"_bbp_topic_count":0,"_bbp_reply_count":0,"_bbp_total_topic_count":0,"_bbp_total_reply_count":0,"_bbp_voice_count":0,"_bbp_anonymous_reply_count":0,"_bbp_topic_count_hidden":0,"_bbp_reply_count_hidden":0,"_bbp_forum_subforum_count":0,"footnotes":""},"class_list":["post-1686","page","type-page","status-publish","hentry"],"_links":{"self":[{"href":"https:\/\/jugendpflege4.org\/index.php\/wp-json\/wp\/v2\/pages\/1686","targetHints":{"allow":["GET"]}}],"collection":[{"href":"https:\/\/jugendpflege4.org\/index.php\/wp-json\/wp\/v2\/pages"}],"about":[{"href":"https:\/\/jugendpflege4.org\/index.php\/wp-json\/wp\/v2\/types\/page"}],"author":[{"embeddable":true,"href":"https:\/\/jugendpflege4.org\/index.php\/wp-json\/wp\/v2\/users\/1"}],"replies":[{"embeddable":true,"href":"https:\/\/jugendpflege4.org\/index.php\/wp-json\/wp\/v2\/comments?post=1686"}],"version-history":[{"count":13,"href":"https:\/\/jugendpflege4.org\/index.php\/wp-json\/wp\/v2\/pages\/1686\/revisions"}],"predecessor-version":[{"id":2769,"href":"https:\/\/jugendpflege4.org\/index.php\/wp-json\/wp\/v2\/pages\/1686\/revisions\/2769"}],"wp:attachment":[{"href":"https:\/\/jugendpflege4.org\/index.php\/wp-json\/wp\/v2\/media?parent=1686"}],"curies":[{"name":"wp","href":"https:\/\/api.w.org\/{rel}","templated":true}]}}