{"id":1876,"date":"2020-05-06T13:38:02","date_gmt":"2020-05-06T11:38:02","guid":{"rendered":"http:\/\/jugendpflege4.org\/?page_id=1876"},"modified":"2020-05-06T14:01:58","modified_gmt":"2020-05-06T12:01:58","slug":"netikette","status":"publish","type":"page","link":"https:\/\/jugendpflege4.org\/index.php\/netikette\/","title":{"rendered":"Wissenswertes"},"content":{"rendered":"<div class=\"fusion-fullwidth fullwidth-box nonhundred-percent-fullwidth non-hundred-percent-height-scrolling\"  style='background-color: rgba(255,255,255,0);background-position: center center;background-repeat: no-repeat;padding-top:0px;padding-right:0px;padding-bottom:0px;padding-left:0px;'><div class=\"fusion-builder-row fusion-row \"><div  class=\"fusion-layout-column fusion_builder_column fusion_builder_column_1_1 fusion-builder-column-1 fusion-one-full fusion-column-first fusion-column-last 1_1\"  style='margin-top:0px;margin-bottom:20px;'>\n\t\t\t\t\t<div class=\"fusion-column-wrapper\" style=\"padding: 0px 0px 0px 0px;background-position:left top;background-repeat:no-repeat;-webkit-background-size:cover;-moz-background-size:cover;-o-background-size:cover;background-size:cover;\"   data-bg-url=\"\">\n\t\t\t\t\t\t<div class=\"fusion-text\"><h4>What\u2019s<b> App \u2013 Nutzung mit den Jugendlichen<\/b><\/h4>\n<div><\/div>\n<p><b>\u2022 <\/b><u><b>Einverst\u00e4ndnis einholen:<\/b><\/u> Sende Nachrichten nur an Personen, die dich zuerst kontaktiert oder um den Kontakt gebeten haben. Wenn du als Erstes die Telefonnummer einer Person erh\u00e4ltst, beginne den Chat so, wie man es von einem neuen Kontakt erwarten w\u00fcrde \u2013 erkl\u00e4re beispielsweise, wer du bist und wie du diese Telefonnummer erhalten hast. Au\u00dferdem bitten wir dich ausdr\u00fccklich Kontaktelisten und Daten nur weiterzugeben, wenn du das Einverst\u00e4ndnis der betreffenden Person hast.<\/p>\n<p><strong>\u2022 <\/strong><u><strong>Respekt:<\/strong> <\/u>Wenn du von einem Benutzer aufgefordert wirst, das Messaging einzustellen, solltest du den Benutzer aus deinem Adressbuch entfernen und ihn nicht mehr kontaktieren. Hole die Erlaubnis eines Benutzers ein, bevor du ihn zu einer Gruppe hinzuf\u00fcgst. Wenn du jemanden zu einer Gruppe hinzuf\u00fcgst und die Person daraufhin die Gruppe wieder verl\u00e4sst, respektiere bitte diese Entscheidung. Prinzipiell gilt es respektvoll miteinander zu kommunizieren und die W\u00fcnsche anderer zur Privatsph\u00e4re auch im Chat zu beachten.<\/p>\n<p><strong>\u2022 <u>Im Chat:<\/u><\/strong> Sende nur Nachrichten, die in dieser Gruppe zum Austausch von Informationen oder zur besseren Kl\u00e4rung einer Absprache dienen. Vermeide das Versenden von Fotos und Videos (vor allem keine Aufnahmen von Personen!) und schreibe in respektvoller Sprache. Faschistische, rechtsradikale und beleidigende Formulierungen sind erniedrigend und deiner nicht w\u00fcrdig!<\/p>\n<p><b>\u2022 <u>Weiterleitungen:<\/u><\/b> Denke gut dar\u00fcber nach, was und warum du etwas weiterleitest. Im Zweifel frag deine Gruppenmitglieder oder Administratoren, ob die Nachricht weitergeleitet werden darf.<\/p>\n<p><b>\u2022 <u>Massennachrichten:<\/u><\/b> Vermeide unerw\u00fcnschte, automatisierte oder Massennachrichten. Leider erkennt man nicht immer, ob es sich um eine bedenkenlose Nachricht oder um einen Virus handelt. Das gedankenlose Teilen von Kettenbriefen und \u00e4hnlichem f\u00fchrt schnell zu einer Verbreitung von unerw\u00fcnschten Inhalten und Viren und kann oft auch dazu f\u00fchren, dass andere Mitglieder der Gruppe genervt sind und diese dann verlassen. Dies dient nicht der Gemeinschaft!<\/p>\n<p><b>\u2022 <u>Nutzungsbedingungen:<\/u><\/b> Halte dich an die Regeln! Es ist in den Nutzungsbedingungen unter anderem verboten, Unwahrheiten zu ver\u00f6ffentlichen und sich illegal, bedrohlich, einsch\u00fcchternd, hasserf\u00fcllt und rassistisch oder ethnisch anst\u00f6\u00dfig zu verhalten.<\/p>\n<p><strong>\u2022 <u>Fragen:<\/u><\/strong> Wenn du nicht genau wei\u00dft, wie du dich verhalten sollst, Fragen zum Chat oder zur Funktion der Gruppe hast oder anderweitig unsicher bist, was du tun sollst, kannst du dich jederzeit an uns wenden:<\/p>\n<p>info@jugendpflege4.de oder unter 06035-1001-31\/-32.<\/p>\n<\/div><div class=\"fusion-clearfix\"><\/div>\n\n\t\t\t\t\t<\/div>\n\t\t\t\t<\/div><\/div><\/div>\n","protected":false},"excerpt":{"rendered":"","protected":false},"author":2,"featured_media":0,"parent":0,"menu_order":0,"comment_status":"closed","ping_status":"closed","template":"","meta":{"_bbp_topic_count":0,"_bbp_reply_count":0,"_bbp_total_topic_count":0,"_bbp_total_reply_count":0,"_bbp_voice_count":0,"_bbp_anonymous_reply_count":0,"_bbp_topic_count_hidden":0,"_bbp_reply_count_hidden":0,"_bbp_forum_subforum_count":0,"footnotes":""},"class_list":["post-1876","page","type-page","status-publish","hentry"],"_links":{"self":[{"href":"https:\/\/jugendpflege4.org\/index.php\/wp-json\/wp\/v2\/pages\/1876","targetHints":{"allow":["GET"]}}],"collection":[{"href":"https:\/\/jugendpflege4.org\/index.php\/wp-json\/wp\/v2\/pages"}],"about":[{"href":"https:\/\/jugendpflege4.org\/index.php\/wp-json\/wp\/v2\/types\/page"}],"author":[{"embeddable":true,"href":"https:\/\/jugendpflege4.org\/index.php\/wp-json\/wp\/v2\/users\/2"}],"replies":[{"embeddable":true,"href":"https:\/\/jugendpflege4.org\/index.php\/wp-json\/wp\/v2\/comments?post=1876"}],"version-history":[{"count":4,"href":"https:\/\/jugendpflege4.org\/index.php\/wp-json\/wp\/v2\/pages\/1876\/revisions"}],"predecessor-version":[{"id":1881,"href":"https:\/\/jugendpflege4.org\/index.php\/wp-json\/wp\/v2\/pages\/1876\/revisions\/1881"}],"wp:attachment":[{"href":"https:\/\/jugendpflege4.org\/index.php\/wp-json\/wp\/v2\/media?parent=1876"}],"curies":[{"name":"wp","href":"https:\/\/api.w.org\/{rel}","templated":true}]}}