{"id":1889,"date":"2020-06-23T08:59:19","date_gmt":"2020-06-23T06:59:19","guid":{"rendered":"http:\/\/jugendpflege4.org\/?page_id=1889"},"modified":"2023-03-01T10:29:33","modified_gmt":"2023-03-01T09:29:33","slug":"https-www-unser-ferienprogramm-de-jugendpflege4-index-php","status":"publish","type":"page","link":"https:\/\/jugendpflege4.org\/index.php\/https-www-unser-ferienprogramm-de-jugendpflege4-index-php\/","title":{"rendered":"Anmeldung Ferienspiele"},"content":{"rendered":"<p><div class=\"fusion-fullwidth fullwidth-box nonhundred-percent-fullwidth non-hundred-percent-height-scrolling\"  style='background-color: rgba(255,255,255,0);background-position: center center;background-repeat: no-repeat;padding-top:0px;padding-right:0px;padding-bottom:0px;padding-left:0px;'><div class=\"fusion-builder-row fusion-row \"><div  class=\"fusion-layout-column fusion_builder_column fusion_builder_column_1_1 fusion-builder-column-1 fusion-one-full fusion-column-first fusion-column-last 1_1\"  style='margin-top:0px;margin-bottom:20px;'>\n\t\t\t\t\t<div class=\"fusion-column-wrapper\" style=\"padding: 0px 0px 0px 0px;background-position:left top;background-repeat:no-repeat;-webkit-background-size:cover;-moz-background-size:cover;-o-background-size:cover;background-size:cover;\"   data-bg-url=\"\">\n\t\t\t\t\t\t<div class=\"fusion-text\"><h1 data-fontsize=\"34\" data-lineheight=\"47\"><b><a href=\"https:\/\/www.unser-ferienprogramm.de\/jugendpflege4\/index.php\" target=\"_blank\" rel=\"noopener noreferrer\"><span style=\"color: rgb(242, 242, 242);\">Hier geht es zum Online-Ferienprogramm:<\/span><br \/><\/a><\/b><\/h1>\n<h4><a href=\"https:\/\/www.unser-ferienprogramm.de\/jugendpflege4\/index.php\" target=\"_blank\" rel=\"noopener noreferrer\" style=\"font-size: 25px; color: rgb(206, 163, 33);\" data-fusion-font=\"true\">Anmeldung zu unserem Ferienprogramm <\/a><\/h4>\n<div>\n<\/div>\n<\/div><div class=\"fusion-text\"><h1 style=\"font-size: 20px;\" data-fusion-font=\"true\"><span style=\"font-size: 35px;\" data-fusion-font=\"true\">Hier kannst du die <\/span><span style=\"color: rgb(255, 255, 255); font-size: 35px;\">Einverst\u00e4ndniserkl\u00e4rung<\/span><b style=\"color: rgb(198, 67, 67); font-size: 35px;\" data-fusion-font=\"true\"> <\/b><span style=\"font-size: 35px;\" data-fusion-font=\"true\">f\u00fcr die Ver\u00f6ffentlichung von Bild-\/Ton-\/Videoaufnahmen sowie Kommunikation \u00fcber Mail und WhatsApp herunterladen:<\/span><\/h1>\n<h1><a href=\"https:\/\/jugendpflege4.org\/wp-content\/uploads\/2021\/03\/einverst\u00e4ndniserkl\u00e4rung.pdf\" style=\"font-size: 25px; color: rgb(206, 163, 33);\" data-fusion-font=\"true\">Einverst\u00e4ndniserkl\u00e4rung<\/a><\/h1>\n<\/div><div class=\"fusion-clearfix\"><\/div>\n\n\t\t\t\t\t<\/div>\n\t\t\t\t<\/div><\/div><\/div><div class=\"fusion-fullwidth fullwidth-box nonhundred-percent-fullwidth non-hundred-percent-height-scrolling\"  style='background-color: rgba(255,255,255,0);background-position: center center;background-repeat: no-repeat;padding-top:0px;padding-right:0px;padding-bottom:0px;padding-left:0px;'><div class=\"fusion-builder-row fusion-row \"><div  class=\"fusion-layout-column fusion_builder_column fusion_builder_column_1_1 fusion-builder-column-2 fusion-one-full fusion-column-first fusion-column-last 1_1\"  style='margin-top:0px;margin-bottom:20px;'>\n\t\t\t\t\t<div class=\"fusion-column-wrapper\" style=\"padding: 0px 0px 0px 0px;background-position:left top;background-repeat:no-repeat;-webkit-background-size:cover;-moz-background-size:cover;-o-background-size:cover;background-size:cover;\"   data-bg-url=\"\">\n\t\t\t\t\t\t<div class=\"fusion-sep-clear\"><\/div><div class=\"fusion-separator fusion-full-width-sep sep-single\" style=\"border-color:#ae895d;border-top-width:1px;margin-left: auto;margin-right: auto;margin-top:;\"><\/div><div class=\"fusion-clearfix\"><\/div>\n\n\t\t\t\t\t<\/div>\n\t\t\t\t<\/div><\/div><\/div><div class=\"fusion-fullwidth fullwidth-box nonhundred-percent-fullwidth non-hundred-percent-height-scrolling\"  style='background-color: rgba(255,255,255,0);background-position: center center;background-repeat: no-repeat;padding-top:0px;padding-right:0px;padding-bottom:0px;padding-left:0px;'><div class=\"fusion-builder-row fusion-row \"><div  class=\"fusion-layout-column fusion_builder_column fusion_builder_column_1_1 fusion-builder-column-3 fusion-one-full fusion-column-first fusion-column-last 1_1\"  style='margin-top:0px;margin-bottom:20px;'>\n\t\t\t\t\t<div class=\"fusion-column-wrapper\" style=\"padding: 0px 0px 0px 0px;background-position:left top;background-repeat:no-repeat;-webkit-background-size:cover;-moz-background-size:cover;-o-background-size:cover;background-size:cover;\"   data-bg-url=\"\">\n\t\t\t\t\t\t<div class=\"fusion-text\"><h4>ANREGUNGEN UND IDEEN:<\/h4>\n<p>Hier ist Platz f\u00fcr Deine W\u00fcnsche und R\u00fcckmeldungen zu den Ferienspielen.<\/p>\n<\/div><div class=\"fusion-testimonials classic fusion-testimonials-1\" data-random=\"0\" data-speed=\"4000\"><style type=\"text\/css\">#fusion-testimonials-1 a{border-color:#aaa9a9;}#fusion-testimonials-1 a:hover, #fusion-testimonials-1 .activeSlide{background-color: #aaa9a9;}.fusion-testimonials.classic.fusion-testimonials-1 .author:after{border-top-color:#292c30 !important;}<\/style><div class=\"reviews\"><div class=\"review avatar-image\"><blockquote><q style=\"background-color:#292c30;color:#aaa9a9;\" class=\"fusion-clearfix\">\n<p>Schreib deinen Kommentar auf unseren Social Media Kan\u00e4len oder direkt an uns und wir werden zeitnah eine R\u00fcckmeldung dazu geben.<\/p>\n<p><a href=\"https:\/\/jugendpflege4.org\/index.php\/about-us\/\">Unser Kontakt<\/a><\/p>\n<\/q><\/blockquote><div class=\"author\" style=\"color:#aaa9a9;\"><span class=\"testimonial-thumbnail\"><img loading=\"lazy\" decoding=\"async\" class=\"testimonial-image\" src=\"https:\/\/jugendpflege4.org\/wp-content\/uploads\/2023\/01\/T_Jan_2023-200x300.jpg\" width=\"200\" height=\"300\" \/><\/span><span class=\"company-name\"><strong>Tatjana<\/strong><\/span><\/div><\/div><\/div><\/div><div class=\"fusion-clearfix\"><\/div>\n\n\t\t\t\t\t<\/div>\n\t\t\t\t<\/div><\/div><\/div><\/p>\n","protected":false},"excerpt":{"rendered":"","protected":false},"author":2,"featured_media":0,"parent":0,"menu_order":0,"comment_status":"closed","ping_status":"closed","template":"","meta":{"_bbp_topic_count":0,"_bbp_reply_count":0,"_bbp_total_topic_count":0,"_bbp_total_reply_count":0,"_bbp_voice_count":0,"_bbp_anonymous_reply_count":0,"_bbp_topic_count_hidden":0,"_bbp_reply_count_hidden":0,"_bbp_forum_subforum_count":0,"footnotes":""},"class_list":["post-1889","page","type-page","status-publish","hentry"],"_links":{"self":[{"href":"https:\/\/jugendpflege4.org\/index.php\/wp-json\/wp\/v2\/pages\/1889","targetHints":{"allow":["GET"]}}],"collection":[{"href":"https:\/\/jugendpflege4.org\/index.php\/wp-json\/wp\/v2\/pages"}],"about":[{"href":"https:\/\/jugendpflege4.org\/index.php\/wp-json\/wp\/v2\/types\/page"}],"author":[{"embeddable":true,"href":"https:\/\/jugendpflege4.org\/index.php\/wp-json\/wp\/v2\/users\/2"}],"replies":[{"embeddable":true,"href":"https:\/\/jugendpflege4.org\/index.php\/wp-json\/wp\/v2\/comments?post=1889"}],"version-history":[{"count":10,"href":"https:\/\/jugendpflege4.org\/index.php\/wp-json\/wp\/v2\/pages\/1889\/revisions"}],"predecessor-version":[{"id":2716,"href":"https:\/\/jugendpflege4.org\/index.php\/wp-json\/wp\/v2\/pages\/1889\/revisions\/2716"}],"wp:attachment":[{"href":"https:\/\/jugendpflege4.org\/index.php\/wp-json\/wp\/v2\/media?parent=1889"}],"curies":[{"name":"wp","href":"https:\/\/api.w.org\/{rel}","templated":true}]}}