{"id":3183,"date":"2025-09-10T10:39:20","date_gmt":"2025-09-10T08:39:20","guid":{"rendered":"https:\/\/jugendpflege4.org\/?page_id=3183"},"modified":"2026-03-02T10:58:59","modified_gmt":"2026-03-02T09:58:59","slug":"sommercamp-otterndorf","status":"publish","type":"page","link":"https:\/\/jugendpflege4.org\/index.php\/sommercamp-otterndorf\/","title":{"rendered":"Sommercamp Otterndorf"},"content":{"rendered":"<p><div class=\"fusion-fullwidth fullwidth-box nonhundred-percent-fullwidth non-hundred-percent-height-scrolling\"  style='background-color: rgba(255,255,255,0);background-position: center center;background-repeat: no-repeat;padding-top:0px;padding-right:0px;padding-bottom:0px;padding-left:0px;'><div class=\"fusion-builder-row fusion-row \"><div  class=\"fusion-layout-column fusion_builder_column fusion_builder_column_1_2 fusion-builder-column-1 fusion-one-half fusion-column-first 1_2\"  style='margin-top:0px;margin-bottom:20px;width:50%;width:calc(50% - ( ( 4% ) * 0.5 ) );margin-right: 4%;'>\n\t\t\t\t\t<div class=\"fusion-column-wrapper\" style=\"padding: 0px 0px 0px 0px;background-position:left top;background-repeat:no-repeat;-webkit-background-size:cover;-moz-background-size:cover;-o-background-size:cover;background-size:cover;\"   data-bg-url=\"\">\n\t\t\t\t\t\t<div class=\"fusion-text\"><p>Fahrt mit uns an die Nordsee!<\/p>\n<p>Im sch\u00f6nen Sommercamp von Otterndorf erwarten uns mehrere Zeltd\u00f6rfer verteilt um einen wundersch\u00f6n angelegten Badesee. Hier kann man die Seele baumeln lassen.<\/p>\n<p>Reiten, Werken, Backen, Lesen, Schwimmen, Kanu und Tretboot fahren, Minigolfen, Musik machen, Nachtwanderungen, Lagerfeuer ist alles mit drin.<\/p>\n<p>Und wer dann immer noch nicht genug hat, kann einen kleinen Ausflug nach Cuxhaven machen, Wattwandern gehen oder sich ein Fahrrad ausleihen und die Leuchtt\u00fcrme der n\u00e4heren Umgebung anschauen.<\/p>\n<\/div><div class=\"fusion-clearfix\"><\/div>\n\n\t\t\t\t\t<\/div>\n\t\t\t\t<\/div><div  class=\"fusion-layout-column fusion_builder_column fusion_builder_column_1_2 fusion-builder-column-2 fusion-one-half fusion-column-last 1_2\"  style='margin-top:0px;margin-bottom:20px;width:50%;width:calc(50% - ( ( 4% ) * 0.5 ) );'>\n\t\t\t\t\t<div class=\"fusion-column-wrapper\" style=\"padding: 0px 0px 0px 0px;background-position:left top;background-repeat:no-repeat;-webkit-background-size:cover;-moz-background-size:cover;-o-background-size:cover;background-size:cover;\"   data-bg-url=\"\">\n\t\t\t\t\t\t<div class=\"fusion-text\"><h4>N\u00e4chste Termine:<\/h4>\n<p>13.-17.7.2026<\/p>\n<p>Anmeldung bei Tatjana Sch\u00f6ngen (schoengen@jugendpflege4.de, 0173-9897293)<\/p>\n<hr \/>\n<p>20.-24.7.2026<\/p>\n<p>Anmeldung bei Jessica Lehr (lehr@jugendpflege4.de, 0176-77860365)<\/p>\n<hr \/>\n<p>Kosten: 180\u20ac \/ 5 Tage Vollverpflegung<\/p>\n<\/div><div class=\"fusion-clearfix\"><\/div>\n\n\t\t\t\t\t<\/div>\n\t\t\t\t<\/div><\/div><\/div><div class=\"fusion-fullwidth fullwidth-box nonhundred-percent-fullwidth non-hundred-percent-height-scrolling\"  style='background-color: rgba(255,255,255,0);background-position: center center;background-repeat: no-repeat;padding-top:0px;padding-right:0px;padding-bottom:0px;padding-left:0px;'><div class=\"fusion-builder-row fusion-row \"><div  class=\"fusion-layout-column fusion_builder_column fusion_builder_column_1_1 fusion-builder-column-3 fusion-one-full fusion-column-first fusion-column-last 1_1\"  style='margin-top:0px;margin-bottom:20px;'>\n\t\t\t\t\t<div class=\"fusion-column-wrapper\" style=\"padding: 0px 0px 0px 0px;background-position:left top;background-repeat:no-repeat;-webkit-background-size:cover;-moz-background-size:cover;-o-background-size:cover;background-size:cover;\"   data-bg-url=\"\">\n\t\t\t\t\t\t<style type=\"text\/css\">.fusion-gallery-1 .fusion-gallery-image {border:0px solid #f6f6f6;}<\/style><div class=\"fusion-gallery fusion-gallery-container fusion-grid-3 fusion-columns-total-0 fusion-gallery-layout-grid fusion-gallery-1\" style=\"margin:-5px;\"><div style=\"padding:5px;\" class=\"fusion-grid-column fusion-gallery-column fusion-gallery-column-3 hover-type-none\"><div class=\"fusion-gallery-image\"><a href=\"https:\/\/jugendpflege4.org\/wp-content\/uploads\/2025\/09\/20250812_204500-scaled.jpg\" rel=\"noreferrer\" data-rel=\"iLightbox[gallery_image_1]\" class=\"fusion-lightbox\" target=\"_self\"><img loading=\"lazy\" decoding=\"async\" src=\"https:\/\/jugendpflege4.org\/wp-content\/uploads\/2025\/09\/20250812_204500-scaled.jpg\" width=\"2560\" height=\"1920\" alt=\"\" title=\"20250812_204500\" aria-label=\"20250812_204500\" class=\"img-responsive wp-image-3179\" srcset=\"https:\/\/jugendpflege4.org\/wp-content\/uploads\/2025\/09\/20250812_204500-200x150.jpg 200w, https:\/\/jugendpflege4.org\/wp-content\/uploads\/2025\/09\/20250812_204500-400x300.jpg 400w, https:\/\/jugendpflege4.org\/wp-content\/uploads\/2025\/09\/20250812_204500-600x450.jpg 600w, https:\/\/jugendpflege4.org\/wp-content\/uploads\/2025\/09\/20250812_204500-800x600.jpg 800w, https:\/\/jugendpflege4.org\/wp-content\/uploads\/2025\/09\/20250812_204500-1200x900.jpg 1200w, https:\/\/jugendpflege4.org\/wp-content\/uploads\/2025\/09\/20250812_204500-scaled.jpg 2560w\" sizes=\"auto, (min-width: 2200px) 100vw, (min-width: 1144px) 387px, (min-width: 1052px) 580px, (min-width: 960px) 1052px, \" \/><\/a><\/div><\/div><div style=\"padding:5px;\" class=\"fusion-grid-column fusion-gallery-column fusion-gallery-column-3 hover-type-none\"><div class=\"fusion-gallery-image\"><a href=\"https:\/\/jugendpflege4.org\/wp-content\/uploads\/2025\/09\/20250814_110105-scaled.jpg\" rel=\"noreferrer\" data-rel=\"iLightbox[gallery_image_1]\" class=\"fusion-lightbox\" target=\"_self\"><img loading=\"lazy\" decoding=\"async\" src=\"https:\/\/jugendpflege4.org\/wp-content\/uploads\/2025\/09\/20250814_110105-scaled.jpg\" width=\"1920\" height=\"2560\" alt=\"\" title=\"20250814_110105\" aria-label=\"20250814_110105\" class=\"img-responsive wp-image-3186\" srcset=\"https:\/\/jugendpflege4.org\/wp-content\/uploads\/2025\/09\/20250814_110105-200x267.jpg 200w, https:\/\/jugendpflege4.org\/wp-content\/uploads\/2025\/09\/20250814_110105-400x533.jpg 400w, https:\/\/jugendpflege4.org\/wp-content\/uploads\/2025\/09\/20250814_110105-600x800.jpg 600w, https:\/\/jugendpflege4.org\/wp-content\/uploads\/2025\/09\/20250814_110105-800x1067.jpg 800w, https:\/\/jugendpflege4.org\/wp-content\/uploads\/2025\/09\/20250814_110105-1200x1600.jpg 1200w, https:\/\/jugendpflege4.org\/wp-content\/uploads\/2025\/09\/20250814_110105-scaled.jpg 1920w\" sizes=\"auto, (min-width: 2200px) 100vw, (min-width: 1144px) 387px, (min-width: 1052px) 580px, (min-width: 960px) 1052px, \" \/><\/a><\/div><\/div><div style=\"padding:5px;\" class=\"fusion-grid-column fusion-gallery-column fusion-gallery-column-3 hover-type-none\"><div class=\"fusion-gallery-image\"><a href=\"https:\/\/jugendpflege4.org\/wp-content\/uploads\/2025\/09\/20250814_173643-scaled.jpg\" rel=\"noreferrer\" data-rel=\"iLightbox[gallery_image_1]\" class=\"fusion-lightbox\" target=\"_self\"><img loading=\"lazy\" decoding=\"async\" src=\"https:\/\/jugendpflege4.org\/wp-content\/uploads\/2025\/09\/20250814_173643-scaled.jpg\" width=\"2560\" height=\"1920\" alt=\"\" title=\"20250814_173643\" aria-label=\"20250814_173643\" class=\"img-responsive wp-image-3187\" srcset=\"https:\/\/jugendpflege4.org\/wp-content\/uploads\/2025\/09\/20250814_173643-200x150.jpg 200w, https:\/\/jugendpflege4.org\/wp-content\/uploads\/2025\/09\/20250814_173643-400x300.jpg 400w, https:\/\/jugendpflege4.org\/wp-content\/uploads\/2025\/09\/20250814_173643-600x450.jpg 600w, https:\/\/jugendpflege4.org\/wp-content\/uploads\/2025\/09\/20250814_173643-800x600.jpg 800w, https:\/\/jugendpflege4.org\/wp-content\/uploads\/2025\/09\/20250814_173643-1200x900.jpg 1200w, https:\/\/jugendpflege4.org\/wp-content\/uploads\/2025\/09\/20250814_173643-scaled.jpg 2560w\" sizes=\"auto, (min-width: 2200px) 100vw, (min-width: 1144px) 387px, (min-width: 1052px) 580px, (min-width: 960px) 1052px, \" \/><\/a><\/div><\/div><div class=\"clearfix\"><\/div><div style=\"padding:5px;\" class=\"fusion-grid-column fusion-gallery-column fusion-gallery-column-3 hover-type-none\"><div class=\"fusion-gallery-image\"><a href=\"https:\/\/jugendpflege4.org\/wp-content\/uploads\/2025\/09\/20250815_103216-scaled.jpg\" rel=\"noreferrer\" data-rel=\"iLightbox[gallery_image_1]\" class=\"fusion-lightbox\" target=\"_self\"><img loading=\"lazy\" decoding=\"async\" src=\"https:\/\/jugendpflege4.org\/wp-content\/uploads\/2025\/09\/20250815_103216-scaled.jpg\" width=\"2560\" height=\"1920\" alt=\"\" title=\"20250815_103216\" aria-label=\"20250815_103216\" class=\"img-responsive wp-image-3188\" srcset=\"https:\/\/jugendpflege4.org\/wp-content\/uploads\/2025\/09\/20250815_103216-200x150.jpg 200w, https:\/\/jugendpflege4.org\/wp-content\/uploads\/2025\/09\/20250815_103216-400x300.jpg 400w, https:\/\/jugendpflege4.org\/wp-content\/uploads\/2025\/09\/20250815_103216-600x450.jpg 600w, https:\/\/jugendpflege4.org\/wp-content\/uploads\/2025\/09\/20250815_103216-800x600.jpg 800w, https:\/\/jugendpflege4.org\/wp-content\/uploads\/2025\/09\/20250815_103216-1200x900.jpg 1200w, https:\/\/jugendpflege4.org\/wp-content\/uploads\/2025\/09\/20250815_103216-scaled.jpg 2560w\" sizes=\"auto, (min-width: 2200px) 100vw, (min-width: 1144px) 387px, (min-width: 1052px) 580px, (min-width: 960px) 1052px, \" \/><\/a><\/div><\/div><div style=\"padding:5px;\" class=\"fusion-grid-column fusion-gallery-column fusion-gallery-column-3 hover-type-none\"><div class=\"fusion-gallery-image\"><a href=\"https:\/\/jugendpflege4.org\/wp-content\/uploads\/2025\/09\/DSC_9678-scaled.jpg\" rel=\"noreferrer\" data-rel=\"iLightbox[gallery_image_1]\" class=\"fusion-lightbox\" target=\"_self\"><img loading=\"lazy\" decoding=\"async\" src=\"https:\/\/jugendpflege4.org\/wp-content\/uploads\/2025\/09\/DSC_9678-scaled.jpg\" width=\"2560\" height=\"1920\" alt=\"\" title=\"DSC_9678\" aria-label=\"DSC_9678\" class=\"img-responsive wp-image-3189\" srcset=\"https:\/\/jugendpflege4.org\/wp-content\/uploads\/2025\/09\/DSC_9678-200x150.jpg 200w, https:\/\/jugendpflege4.org\/wp-content\/uploads\/2025\/09\/DSC_9678-400x300.jpg 400w, https:\/\/jugendpflege4.org\/wp-content\/uploads\/2025\/09\/DSC_9678-600x450.jpg 600w, https:\/\/jugendpflege4.org\/wp-content\/uploads\/2025\/09\/DSC_9678-800x600.jpg 800w, https:\/\/jugendpflege4.org\/wp-content\/uploads\/2025\/09\/DSC_9678-1200x900.jpg 1200w, https:\/\/jugendpflege4.org\/wp-content\/uploads\/2025\/09\/DSC_9678-scaled.jpg 2560w\" sizes=\"auto, (min-width: 2200px) 100vw, (min-width: 1144px) 387px, (min-width: 1052px) 580px, (min-width: 960px) 1052px, \" \/><\/a><\/div><\/div><div style=\"padding:5px;\" class=\"fusion-grid-column fusion-gallery-column fusion-gallery-column-3 hover-type-none\"><div class=\"fusion-gallery-image\"><a href=\"https:\/\/jugendpflege4.org\/wp-content\/uploads\/2025\/09\/DSC_9685-scaled.jpg\" rel=\"noreferrer\" data-rel=\"iLightbox[gallery_image_1]\" class=\"fusion-lightbox\" target=\"_self\"><img loading=\"lazy\" decoding=\"async\" src=\"https:\/\/jugendpflege4.org\/wp-content\/uploads\/2025\/09\/DSC_9685-scaled.jpg\" width=\"1920\" height=\"2560\" alt=\"\" title=\"DSC_9685\" aria-label=\"DSC_9685\" class=\"img-responsive wp-image-3190\" srcset=\"https:\/\/jugendpflege4.org\/wp-content\/uploads\/2025\/09\/DSC_9685-200x267.jpg 200w, https:\/\/jugendpflege4.org\/wp-content\/uploads\/2025\/09\/DSC_9685-400x533.jpg 400w, https:\/\/jugendpflege4.org\/wp-content\/uploads\/2025\/09\/DSC_9685-600x800.jpg 600w, https:\/\/jugendpflege4.org\/wp-content\/uploads\/2025\/09\/DSC_9685-800x1067.jpg 800w, https:\/\/jugendpflege4.org\/wp-content\/uploads\/2025\/09\/DSC_9685-1200x1600.jpg 1200w, https:\/\/jugendpflege4.org\/wp-content\/uploads\/2025\/09\/DSC_9685-scaled.jpg 1920w\" sizes=\"auto, (min-width: 2200px) 100vw, (min-width: 1144px) 387px, (min-width: 1052px) 580px, (min-width: 960px) 1052px, \" \/><\/a><\/div><\/div><div class=\"clearfix\"><\/div><div style=\"padding:5px;\" class=\"fusion-grid-column fusion-gallery-column fusion-gallery-column-3 hover-type-none\"><div class=\"fusion-gallery-image\"><a href=\"https:\/\/jugendpflege4.org\/wp-content\/uploads\/2025\/09\/image-20250812-131351-771.jpeg\" rel=\"noreferrer\" data-rel=\"iLightbox[gallery_image_1]\" class=\"fusion-lightbox\" target=\"_self\"><img loading=\"lazy\" decoding=\"async\" src=\"https:\/\/jugendpflege4.org\/wp-content\/uploads\/2025\/09\/image-20250812-131351-771.jpeg\" width=\"1600\" height=\"1200\" alt=\"\" title=\"image-20250812-131351-771\" aria-label=\"image-20250812-131351-771\" class=\"img-responsive wp-image-3191\" srcset=\"https:\/\/jugendpflege4.org\/wp-content\/uploads\/2025\/09\/image-20250812-131351-771-200x150.jpeg 200w, https:\/\/jugendpflege4.org\/wp-content\/uploads\/2025\/09\/image-20250812-131351-771-400x300.jpeg 400w, https:\/\/jugendpflege4.org\/wp-content\/uploads\/2025\/09\/image-20250812-131351-771-600x450.jpeg 600w, https:\/\/jugendpflege4.org\/wp-content\/uploads\/2025\/09\/image-20250812-131351-771-800x600.jpeg 800w, https:\/\/jugendpflege4.org\/wp-content\/uploads\/2025\/09\/image-20250812-131351-771-1200x900.jpeg 1200w, https:\/\/jugendpflege4.org\/wp-content\/uploads\/2025\/09\/image-20250812-131351-771.jpeg 1600w\" sizes=\"auto, (min-width: 2200px) 100vw, (min-width: 1144px) 387px, (min-width: 1052px) 580px, (min-width: 960px) 1052px, \" \/><\/a><\/div><\/div><div style=\"padding:5px;\" class=\"fusion-grid-column fusion-gallery-column fusion-gallery-column-3 hover-type-none\"><div class=\"fusion-gallery-image\"><a href=\"https:\/\/jugendpflege4.org\/wp-content\/uploads\/2025\/09\/IMG-20250818-WA0017.jpg\" rel=\"noreferrer\" data-rel=\"iLightbox[gallery_image_1]\" class=\"fusion-lightbox\" target=\"_self\"><img loading=\"lazy\" decoding=\"async\" src=\"https:\/\/jugendpflege4.org\/wp-content\/uploads\/2025\/09\/IMG-20250818-WA0017.jpg\" width=\"1600\" height=\"1200\" alt=\"\" title=\"IMG-20250818-WA0017\" aria-label=\"IMG-20250818-WA0017\" class=\"img-responsive wp-image-3210\" srcset=\"https:\/\/jugendpflege4.org\/wp-content\/uploads\/2025\/09\/IMG-20250818-WA0017-200x150.jpg 200w, https:\/\/jugendpflege4.org\/wp-content\/uploads\/2025\/09\/IMG-20250818-WA0017-400x300.jpg 400w, https:\/\/jugendpflege4.org\/wp-content\/uploads\/2025\/09\/IMG-20250818-WA0017-600x450.jpg 600w, https:\/\/jugendpflege4.org\/wp-content\/uploads\/2025\/09\/IMG-20250818-WA0017-800x600.jpg 800w, https:\/\/jugendpflege4.org\/wp-content\/uploads\/2025\/09\/IMG-20250818-WA0017-1200x900.jpg 1200w, https:\/\/jugendpflege4.org\/wp-content\/uploads\/2025\/09\/IMG-20250818-WA0017.jpg 1600w\" sizes=\"auto, (min-width: 2200px) 100vw, (min-width: 1144px) 387px, (min-width: 1052px) 580px, (min-width: 960px) 1052px, \" \/><\/a><\/div><\/div><\/div><div class=\"fusion-clearfix\"><\/div>\n\n\t\t\t\t\t<\/div>\n\t\t\t\t<\/div><\/div><\/div><\/p>\n","protected":false},"excerpt":{"rendered":"","protected":false},"author":2,"featured_media":0,"parent":0,"menu_order":0,"comment_status":"closed","ping_status":"closed","template":"","meta":{"_bbp_topic_count":0,"_bbp_reply_count":0,"_bbp_total_topic_count":0,"_bbp_total_reply_count":0,"_bbp_voice_count":0,"_bbp_anonymous_reply_count":0,"_bbp_topic_count_hidden":0,"_bbp_reply_count_hidden":0,"_bbp_forum_subforum_count":0,"footnotes":""},"class_list":["post-3183","page","type-page","status-publish","hentry"],"_links":{"self":[{"href":"https:\/\/jugendpflege4.org\/index.php\/wp-json\/wp\/v2\/pages\/3183","targetHints":{"allow":["GET"]}}],"collection":[{"href":"https:\/\/jugendpflege4.org\/index.php\/wp-json\/wp\/v2\/pages"}],"about":[{"href":"https:\/\/jugendpflege4.org\/index.php\/wp-json\/wp\/v2\/types\/page"}],"author":[{"embeddable":true,"href":"https:\/\/jugendpflege4.org\/index.php\/wp-json\/wp\/v2\/users\/2"}],"replies":[{"embeddable":true,"href":"https:\/\/jugendpflege4.org\/index.php\/wp-json\/wp\/v2\/comments?post=3183"}],"version-history":[{"count":15,"href":"https:\/\/jugendpflege4.org\/index.php\/wp-json\/wp\/v2\/pages\/3183\/revisions"}],"predecessor-version":[{"id":3264,"href":"https:\/\/jugendpflege4.org\/index.php\/wp-json\/wp\/v2\/pages\/3183\/revisions\/3264"}],"wp:attachment":[{"href":"https:\/\/jugendpflege4.org\/index.php\/wp-json\/wp\/v2\/media?parent=3183"}],"curies":[{"name":"wp","href":"https:\/\/api.w.org\/{rel}","templated":true}]}}